{"id":412,"date":"2016-01-03T18:37:16","date_gmt":"2016-01-03T17:37:16","guid":{"rendered":"http:\/\/ftl-auerbach.lima-city.de\/Hubo\/produkt\/hubo-maxi-2-01\/"},"modified":"2020-06-16T20:36:11","modified_gmt":"2020-06-16T18:36:11","slug":"hubo-maxi-2-01","status":"publish","type":"product","link":"https:\/\/ftl-auerbach.lima-city.de\/Hubo\/produkt\/hubo-maxi-2-01\/","title":{"rendered":"Hubo Maxi Rev. 2.01"},"content":{"rendered":"<p>Der <strong>Hubo Maxi Rev. 2.01<\/strong> Bausatz wurde speziell f\u00fcr den Einsatz in Umgebungen mit erh\u00f6hten St\u00f6rquellen entwickelt. Dank SMD Technik gelang es dabei, alle empfindlichen Signalleitungen auf die Oberseite der Platine zu legen, womit sich auf der Unterseite eine ann\u00e4hernd geschlossene Groundfl\u00e4che ergibt, welche einen guten Schutz vor St\u00f6rungen von der Platinenunterseite bietet. Zur Vermeidung der Einkopplung von St\u00f6rungen in die analoge Messung, wurde der analoge Ground vom digitalen getrennt und separat per Anschlu\u00dfklemme nach au\u00dfen gef\u00fchrt. Der damit frei gewordene 8. analoge Me\u00dfkanal steht intern an einem optional best\u00fcckbaren Spannungsteiler zur Verf\u00fcgung und kann so z.B. zur \u00dcberwachung der Betriebsspannung des Hubo verwendet werden. Die weitere Funktionalit\u00e4t ist der des Hubo Maxi Rev. 1.11 sehr \u00e4hnlich, ohne dabei jedoch die Option des 433MHz Funkmoduls anzubieten.<\/p>\n<p><strong>Nachdem die SMD-Teile bereits vorbest\u00fcckt sind, erfolgt die Teilfertigung erst ab einer gewissen Losgr\u00f6\u00dfe.<\/strong><\/p>\n<p><a href=\"mailto:Ftl-Auerbach@gmx.de?subject=Angebotsanfrage Hubo 2.01 Maxi&amp;body=Sehr geehrte Damen und Herren,%0D%0A%0D%0Ahiermit bitte ich um Unterbreitung eines Angebotes f\u00fcr (Unzutreffendes bitte streichen):%0D%0A- 1 x Hubo 2.01 Maxi%0D%0A%0D%0AMit freundlichen Gr\u00fc\u00dfen%0D%0A%0D%0A&lt;Bitte geben Sie hier Ihre vollst\u00e4ndige Anschrift an.&gt;%0D%0A%0D%0A\"><span style=\"color: #0000ff;\">Bitte nehmen Sie mit uns Kontakt auf<\/span><\/a>, wenn Sie Interesse an einem Hubo Maxi Rev. 2.01 haben und der Artikel gerade nicht vorr\u00e4tig sein sollte.<\/p>\n<p>Weitere Details zum Hubo Maxi Rev. 2.01 finden sie <a href=\"http:\/\/ftl-auerbach.lima-city.de\/Hubo\/hubo-hardware\/hubo-2-01\/\" target=\"_blank\" rel=\"noopener noreferrer\">hier<\/a>.<\/p>\n<p>Werfen Sie bitte auch einen Blick auf den <a href=\"http:\/\/ftl-auerbach.lima-city.de\/Hubo\/hubo-hardware\/hardware-vergleich\/\" target=\"_blank\" rel=\"noopener noreferrer\">Vergleich der verschiedenen Hubo-Versionen<\/a>.<\/p>\n<p>Die <a href=\"http:\/\/ftl-auerbach.lima-city.de\/Hubo\/Dokumentation\/Hubo_Technische_Dokumentation_und_Sicherheitshinweise.pdf\" target=\"_blank\" rel=\"noopener noreferrer\">technische Dokumentation<\/a> ist eine Hilfe bei Zusammenbau und Inbetriebnahme und verr\u00e4t Tips zur Verkabelung von Sensoren und Bussystemen.<\/p>\n","protected":false},"excerpt":{"rendered":"<p>Das Modell mit analogen Eing\u00e4ngen sowie digitalen Ein- und Ausg\u00e4ngen und 1wire-Unterst\u00fctzung f\u00fcr den Extremeinsatz<\/p>\n<p> <a class=\"continue-reading-link\" href=\"https:\/\/ftl-auerbach.lima-city.de\/Hubo\/produkt\/hubo-maxi-2-01\/\"><span>Continue reading<\/span><i class=\"crycon-right-dir\"><\/i><\/a> <\/p>\n","protected":false},"featured_media":482,"comment_status":"closed","ping_status":"closed","template":"","meta":[],"product_cat":[24],"product_tag":[],"_links":{"self":[{"href":"https:\/\/ftl-auerbach.lima-city.de\/Hubo\/wp-json\/wp\/v2\/product\/412"}],"collection":[{"href":"https:\/\/ftl-auerbach.lima-city.de\/Hubo\/wp-json\/wp\/v2\/product"}],"about":[{"href":"https:\/\/ftl-auerbach.lima-city.de\/Hubo\/wp-json\/wp\/v2\/types\/product"}],"replies":[{"embeddable":true,"href":"https:\/\/ftl-auerbach.lima-city.de\/Hubo\/wp-json\/wp\/v2\/comments?post=412"}],"wp:featuredmedia":[{"embeddable":true,"href":"https:\/\/ftl-auerbach.lima-city.de\/Hubo\/wp-json\/wp\/v2\/media\/482"}],"wp:attachment":[{"href":"https:\/\/ftl-auerbach.lima-city.de\/Hubo\/wp-json\/wp\/v2\/media?parent=412"}],"wp:term":[{"taxonomy":"product_cat","embeddable":true,"href":"https:\/\/ftl-auerbach.lima-city.de\/Hubo\/wp-json\/wp\/v2\/product_cat?post=412"},{"taxonomy":"product_tag","embeddable":true,"href":"https:\/\/ftl-auerbach.lima-city.de\/Hubo\/wp-json\/wp\/v2\/product_tag?post=412"}],"curies":[{"name":"wp","href":"https:\/\/api.w.org\/{rel}","templated":true}]}}