{"id":398,"date":"2016-01-03T17:39:54","date_gmt":"2016-01-03T16:39:54","guid":{"rendered":"http:\/\/ftl-auerbach.lima-city.de\/Hubo\/produkt\/hubo-1-11-digital\/"},"modified":"2021-12-08T22:38:24","modified_gmt":"2021-12-08T21:38:24","slug":"hubo-1-11-digital","status":"publish","type":"product","link":"https:\/\/ftl-auerbach.lima-city.de\/Hubo\/produkt\/hubo-1-11-digital\/","title":{"rendered":"Hubo Digital Rev. 1.11"},"content":{"rendered":"<p>Der <strong>Hubo Digital Rev. 1.11<\/strong> Bausatz besitzt die gleiche Funktionalit\u00e4t wie der Hubo Digital Rev. 1.03, erweitert diesen jedoch die folgenden Funktionen:<\/p>\n<ul>\n<li>Best\u00fcckungsoption f\u00fcr Varistoren zum Schutz der Relaiskontakte<\/li>\n<li>Best\u00fcckungsoption f\u00fcr 433MHz Sendemodule zum Betrieb von Funkmodulen<\/li>\n<li>selbstr\u00fcckstellene Polyfuse Sicherung gegen \u00dcberlast und Kurzschlu\u00df<\/li>\n<li>Absicherung des 1wire Busses gegen \u00dcberspannung<\/li>\n<li>weiter verbessertes Layout zur Abschirmung von St\u00f6rungen<\/li>\n<li>die Kaskadierung mehrerer Module kann nun auch per geschirmten Kabel \u00fcber die Anschlu\u00dfklemmen erfolgen<\/li>\n<\/ul>\n<p>Insbesondere beim Betrieb in &#8222;rauhen&#8220; Umgebungen sowie bei einer vorgesehenen Kaskadierung mehrerer Module empfehlen sich die Modelle der Hardwarerevision 1.11. So kann auf das Flachbandkabel zur Kaskadierung verzichtet werden, womit ein Geh\u00e4usedurchbruch entf\u00e4llt.<\/p>\n<p>Weitere Details zur Hardware Revision 1.11 finden sie <a href=\"http:\/\/ftl-auerbach.lima-city.de\/Hubo\/hubo-hardware\/hubo-1-10\/\" target=\"_blank\" rel=\"noopener noreferrer\">hier<\/a>.<\/p>\n<p>Werfen Sie bitte auch einen Blick auf den <a href=\"http:\/\/ftl-auerbach.lima-city.de\/Hubo\/hubo-hardware\/hardware-vergleich\/\" target=\"_blank\" rel=\"noopener noreferrer\">Vergleich der verschiedenen Hubo-Versionen<\/a>.<\/p>\n<p>Die <a href=\"http:\/\/ftl-auerbach.lima-city.de\/Hubo\/Dokumentation\/Hubo_Technische_Dokumentation_und_Sicherheitshinweise.pdf\" target=\"_blank\" rel=\"noopener noreferrer\">technische Dokumentation<\/a> ist eine Hilfe bei Zusammenbau und Inbetriebnahme und verr\u00e4t Tips zur Verkabelung von Sensoren und Bussystemen.<\/p>\n","protected":false},"excerpt":{"rendered":"<p>Das Standardmodell mit digitalen Ein- und Ausg\u00e4ngen sowie 1wire-Unterst\u00fctzung f\u00fcr gehobene Anspr\u00fcche.<\/p>\n<p> <a class=\"continue-reading-link\" href=\"https:\/\/ftl-auerbach.lima-city.de\/Hubo\/produkt\/hubo-1-11-digital\/\"><span>Continue reading<\/span><i class=\"crycon-right-dir\"><\/i><\/a> <\/p>\n","protected":false},"featured_media":480,"comment_status":"closed","ping_status":"closed","template":"","meta":[],"product_cat":[23],"product_tag":[],"_links":{"self":[{"href":"https:\/\/ftl-auerbach.lima-city.de\/Hubo\/wp-json\/wp\/v2\/product\/398"}],"collection":[{"href":"https:\/\/ftl-auerbach.lima-city.de\/Hubo\/wp-json\/wp\/v2\/product"}],"about":[{"href":"https:\/\/ftl-auerbach.lima-city.de\/Hubo\/wp-json\/wp\/v2\/types\/product"}],"replies":[{"embeddable":true,"href":"https:\/\/ftl-auerbach.lima-city.de\/Hubo\/wp-json\/wp\/v2\/comments?post=398"}],"wp:featuredmedia":[{"embeddable":true,"href":"https:\/\/ftl-auerbach.lima-city.de\/Hubo\/wp-json\/wp\/v2\/media\/480"}],"wp:attachment":[{"href":"https:\/\/ftl-auerbach.lima-city.de\/Hubo\/wp-json\/wp\/v2\/media?parent=398"}],"wp:term":[{"taxonomy":"product_cat","embeddable":true,"href":"https:\/\/ftl-auerbach.lima-city.de\/Hubo\/wp-json\/wp\/v2\/product_cat?post=398"},{"taxonomy":"product_tag","embeddable":true,"href":"https:\/\/ftl-auerbach.lima-city.de\/Hubo\/wp-json\/wp\/v2\/product_tag?post=398"}],"curies":[{"name":"wp","href":"https:\/\/api.w.org\/{rel}","templated":true}]}}