{"id":912,"date":"2017-02-10T16:14:55","date_gmt":"2017-02-10T15:14:55","guid":{"rendered":"http:\/\/ftl-auerbach.lima-city.de\/Hubo\/?page_id=912"},"modified":"2018-04-27T08:27:56","modified_gmt":"2018-04-27T06:27:56","slug":"messbereichserweiterung-der-ad-kanaele","status":"publish","type":"page","link":"https:\/\/ftl-auerbach.lima-city.de\/Hubo\/projekte-support\/messbereichserweiterung-der-ad-kanaele\/","title":{"rendered":"Me\u00dfbereichserweiterung der AD-Kan\u00e4le"},"content":{"rendered":"<p><strong>Aufgabenstellung<\/strong><\/p>\n<p>Zuweilen wird ein h\u00f6herer Spannungsme\u00dfbereich ben\u00f6tigt, als ihn der Hubo von Haus aus an seinen analogen Eing\u00e4ngen (2,5V) zur Verf\u00fcgung stellt. Dies kann z.B. dann der Fall sein, wenn die analogen Kan\u00e4le zur gemultiplexten \u00dcbertragung von Schaltern und Tastern verwendet werden (siehe den Artikel \u201e<a href=\"http:\/\/ftl-auerbach.lima-city.de\/Hubo\/projekte-support\/altbau-wenn-es-an-signalkabeln-fehlt\/\" target=\"_blank\" rel=\"noopener\">Altbau \u2013 wenn es an Signalkabeln fehlt<\/a>\u201c), oder aber auch, wenn z.B. eine Akkuspannung einer Autobatterie o.\u00e4. \u00fcberwacht werden soll (siehe Artikel \u201e<a href=\"http:\/\/ftl-auerbach.lima-city.de\/Hubo\/projekte-support\/kapazitaetsmessung-von-blei-akkus\/\" target=\"_blank\" rel=\"noopener\">Kapazit\u00e4tsmessung von Blei-Akkus<\/a>\u201c).<\/p>\n<p><strong>L\u00f6sung<\/strong><\/p>\n<p>Die L\u00f6sung mittels des Hubo gestaltet sich recht einfach, da dieser bereits \u00fcber einen RC-Tiefpa\u00df an seinen Eing\u00e4ngen verf\u00fcgt. Ersetzt man die Widerst\u00e4nde R1..R8 und Kondensatoren C1..C8 (die Kondensatoren werden also durch Widerst\u00e4nde ersetzt) durch andere Widerstandswerte, so ergeben sich Spannungsteiler f\u00fcr andere Eingangsspannungen.<\/p>\n<p>Bild 1 zeigt den Hubo Maxi (hier Rev. 1.11) mit seinen 8 RC-Tiefp\u00e4ssen (R1-C1, R2-C2 &#8230; R8-C8).<\/p>\n<p><a href=\"http:\/\/ftl-auerbach.lima-city.de\/Hubo\/wp-content\/uploads\/2017\/02\/AD_Hubo-Maxi-Messbereichserweiterung.jpg\" rel=\"attachment wp-att-931\"><img loading=\"lazy\" class=\"alignnone size-full wp-image-931\" src=\"http:\/\/ftl-auerbach.lima-city.de\/Hubo\/wp-content\/uploads\/2017\/02\/AD_Hubo-Maxi-Messbereichserweiterung.jpg\" alt=\"AD_Hubo Maxi - Messbereichserweiterung\" width=\"1501\" height=\"1282\" srcset=\"https:\/\/ftl-auerbach.lima-city.de\/Hubo\/wp-content\/uploads\/2017\/02\/AD_Hubo-Maxi-Messbereichserweiterung.jpg 1501w, https:\/\/ftl-auerbach.lima-city.de\/Hubo\/wp-content\/uploads\/2017\/02\/AD_Hubo-Maxi-Messbereichserweiterung-300x256.jpg 300w, https:\/\/ftl-auerbach.lima-city.de\/Hubo\/wp-content\/uploads\/2017\/02\/AD_Hubo-Maxi-Messbereichserweiterung-768x656.jpg 768w, https:\/\/ftl-auerbach.lima-city.de\/Hubo\/wp-content\/uploads\/2017\/02\/AD_Hubo-Maxi-Messbereichserweiterung-1024x875.jpg 1024w, https:\/\/ftl-auerbach.lima-city.de\/Hubo\/wp-content\/uploads\/2017\/02\/AD_Hubo-Maxi-Messbereichserweiterung-150x128.jpg 150w, https:\/\/ftl-auerbach.lima-city.de\/Hubo\/wp-content\/uploads\/2017\/02\/AD_Hubo-Maxi-Messbereichserweiterung-176x150.jpg 176w, https:\/\/ftl-auerbach.lima-city.de\/Hubo\/wp-content\/uploads\/2017\/02\/AD_Hubo-Maxi-Messbereichserweiterung-600x512.jpg 600w, https:\/\/ftl-auerbach.lima-city.de\/Hubo\/wp-content\/uploads\/2017\/02\/AD_Hubo-Maxi-Messbereichserweiterung-77x66.jpg 77w, https:\/\/ftl-auerbach.lima-city.de\/Hubo\/wp-content\/uploads\/2017\/02\/AD_Hubo-Maxi-Messbereichserweiterung-260x222.jpg 260w, https:\/\/ftl-auerbach.lima-city.de\/Hubo\/wp-content\/uploads\/2017\/02\/AD_Hubo-Maxi-Messbereichserweiterung-519x443.jpg 519w\" sizes=\"(max-width: 1501px) 100vw, 1501px\" \/><\/a><\/p>\n<p>Bild 1: Rot umrahmt sieht man einen der 8 RC-Tiefp\u00e4sse welche durch Spannungsteiler ausgetauscht werden k\u00f6nnen<\/p>\n<p>Die nachfolgende Tabelle gibt einige Vorschl\u00e4ge zur Dimensionierung der Widerstandsp\u00e4rchen, die f\u00fcr R1..R8 und C1..C8 eingel\u00f6tet werden k\u00f6nnen.<\/p>\n<p><a href=\"http:\/\/ftl-auerbach.lima-city.de\/Hubo\/wp-content\/uploads\/2017\/02\/AD_Spannungsteiler.jpg\" rel=\"attachment wp-att-915\"><img loading=\"lazy\" class=\"alignnone size-full wp-image-915\" src=\"http:\/\/ftl-auerbach.lima-city.de\/Hubo\/wp-content\/uploads\/2017\/02\/AD_Spannungsteiler.jpg\" alt=\"AD_Spannungsteiler\" width=\"420\" height=\"120\" srcset=\"https:\/\/ftl-auerbach.lima-city.de\/Hubo\/wp-content\/uploads\/2017\/02\/AD_Spannungsteiler.jpg 420w, https:\/\/ftl-auerbach.lima-city.de\/Hubo\/wp-content\/uploads\/2017\/02\/AD_Spannungsteiler-300x86.jpg 300w, https:\/\/ftl-auerbach.lima-city.de\/Hubo\/wp-content\/uploads\/2017\/02\/AD_Spannungsteiler-150x43.jpg 150w, https:\/\/ftl-auerbach.lima-city.de\/Hubo\/wp-content\/uploads\/2017\/02\/AD_Spannungsteiler-250x71.jpg 250w, https:\/\/ftl-auerbach.lima-city.de\/Hubo\/wp-content\/uploads\/2017\/02\/AD_Spannungsteiler-90x26.jpg 90w\" sizes=\"(max-width: 420px) 100vw, 420px\" \/><\/a><\/p>\n<p>Tabelle 1: Beispielhafte Dimensionierung der Spannungsteiler f\u00fcr verschiedene Me\u00dfbereiche<\/p>\n<p>Die Kalibrierfaktoren sind dann jeweils mit der Referenzspannung (2,50V) multipliziert einmal der Hubo-Library Funktion <a href=\"https:\/\/ftl-auerbach.lima-city.de\/Hubo\/Hubo_C++_Library\/Documentation\/group___analog_input_handling.html#ga642ea14a691bdebf13334c9c4378efaa\" target=\"_blank\" rel=\"noopener\">HuboLib::Set_VRef(4,191*2,50)<\/a> zu \u00fcbergeben, womit <a href=\"https:\/\/ftl-auerbach.lima-city.de\/Hubo\/Hubo_C++_Library\/Documentation\/group___analog_input_handling.html#ga0c3af7392d58683e51f425de666fc7e7\" target=\"_blank\" rel=\"noopener\">HuboLib::Get_AI_Channel()<\/a> dann gleich die den Spannungsteiler ber\u00fccksichtigenden Spannungswerte liefert.<\/p>\n<p>&nbsp;<\/p>\n","protected":false},"excerpt":{"rendered":"<p>Aufgabenstellung Zuweilen wird ein h\u00f6herer Spannungsme\u00dfbereich ben\u00f6tigt, als ihn der Hubo von Haus aus an seinen analogen Eing\u00e4ngen (2,5V) zur Verf\u00fcgung stellt. Dies kann z.B. dann der Fall sein, wenn die analogen Kan\u00e4le zur gemultiplexten \u00dcbertragung von Schaltern und Tastern verwendet werden (siehe den Artikel \u201eAltbau \u2013 wenn es an\u2026<\/p>\n<p> <a class=\"continue-reading-link\" href=\"https:\/\/ftl-auerbach.lima-city.de\/Hubo\/projekte-support\/messbereichserweiterung-der-ad-kanaele\/\"><span>Continue reading<\/span><i class=\"crycon-right-dir\"><\/i><\/a> <\/p>\n","protected":false},"author":1,"featured_media":0,"parent":577,"menu_order":0,"comment_status":"closed","ping_status":"closed","template":"","meta":[],"_links":{"self":[{"href":"https:\/\/ftl-auerbach.lima-city.de\/Hubo\/wp-json\/wp\/v2\/pages\/912"}],"collection":[{"href":"https:\/\/ftl-auerbach.lima-city.de\/Hubo\/wp-json\/wp\/v2\/pages"}],"about":[{"href":"https:\/\/ftl-auerbach.lima-city.de\/Hubo\/wp-json\/wp\/v2\/types\/page"}],"author":[{"embeddable":true,"href":"https:\/\/ftl-auerbach.lima-city.de\/Hubo\/wp-json\/wp\/v2\/users\/1"}],"replies":[{"embeddable":true,"href":"https:\/\/ftl-auerbach.lima-city.de\/Hubo\/wp-json\/wp\/v2\/comments?post=912"}],"version-history":[{"count":20,"href":"https:\/\/ftl-auerbach.lima-city.de\/Hubo\/wp-json\/wp\/v2\/pages\/912\/revisions"}],"predecessor-version":[{"id":1287,"href":"https:\/\/ftl-auerbach.lima-city.de\/Hubo\/wp-json\/wp\/v2\/pages\/912\/revisions\/1287"}],"up":[{"embeddable":true,"href":"https:\/\/ftl-auerbach.lima-city.de\/Hubo\/wp-json\/wp\/v2\/pages\/577"}],"wp:attachment":[{"href":"https:\/\/ftl-auerbach.lima-city.de\/Hubo\/wp-json\/wp\/v2\/media?parent=912"}],"curies":[{"name":"wp","href":"https:\/\/api.w.org\/{rel}","templated":true}]}}