{"id":750,"date":"2016-09-06T17:46:58","date_gmt":"2016-09-06T15:46:58","guid":{"rendered":"http:\/\/ftl-auerbach.lima-city.de\/Hubo\/?page_id=750"},"modified":"2016-09-06T18:29:17","modified_gmt":"2016-09-06T16:29:17","slug":"openhab-funksteckdosen-per-433mhz-sendemodul-steuern","status":"publish","type":"page","link":"https:\/\/ftl-auerbach.lima-city.de\/Hubo\/automation\/openhab-integration\/openhab-funksteckdosen-per-433mhz-sendemodul-steuern\/","title":{"rendered":"Funksteckdosen per 433MHz Sendemodul steuern"},"content":{"rendered":"<p class=\"western\"><strong>Aufgabenstellung<\/strong><\/p>\n<p class=\"western\">Mittels der 433MHz Senderoption des Hubo lassen sich diverse Ger\u00e4te per Funk steuern. Im folgenden Beispiel wurde auf das in der Hubo C++-Library gezeigte Beispiel einer Funksteckdosensteuerung <a href=\"http:\/\/ftl-auerbach.lima-city.de\/Hubo\/Hubo_C++_Library\/Documentation\/_r_c_socket_8cpp_source.html\" target=\"_blank\">RCSocket<\/a> zur\u00fcckgegriffen. Selbstverst\u00e4ndlich kann die Steuerung auch \u00fcber rcswitch o.\u00e4. erfolgen.<\/p>\n<p class=\"western\">Um Steckdosen wie im folgenden Bild dargestellt zu schalten, mu\u00df entweder deren Family- und Steckdosencode wie abgebildet eingestellt werden oder aber der Ereignishandler entsprechend den Einstellungen der Steckdose angepa\u00dft werden.<\/p>\n<p class=\"western\"><a href=\"http:\/\/ftl-auerbach.lima-city.de\/Hubo\/wp-content\/uploads\/2016\/09\/openHAB_HuboFunksteckdosen.jpg\" rel=\"attachment wp-att-753\"><img loading=\"lazy\" class=\"alignnone wp-image-753 size-full\" src=\"http:\/\/ftl-auerbach.lima-city.de\/Hubo\/wp-content\/uploads\/2016\/09\/openHAB_HuboFunksteckdosen.jpg\" alt=\"openHAB_HuboFunksteckdosen\" width=\"633\" height=\"546\" srcset=\"https:\/\/ftl-auerbach.lima-city.de\/Hubo\/wp-content\/uploads\/2016\/09\/openHAB_HuboFunksteckdosen.jpg 633w, https:\/\/ftl-auerbach.lima-city.de\/Hubo\/wp-content\/uploads\/2016\/09\/openHAB_HuboFunksteckdosen-300x259.jpg 300w, https:\/\/ftl-auerbach.lima-city.de\/Hubo\/wp-content\/uploads\/2016\/09\/openHAB_HuboFunksteckdosen-150x129.jpg 150w, https:\/\/ftl-auerbach.lima-city.de\/Hubo\/wp-content\/uploads\/2016\/09\/openHAB_HuboFunksteckdosen-174x150.jpg 174w, https:\/\/ftl-auerbach.lima-city.de\/Hubo\/wp-content\/uploads\/2016\/09\/openHAB_HuboFunksteckdosen-600x518.jpg 600w, https:\/\/ftl-auerbach.lima-city.de\/Hubo\/wp-content\/uploads\/2016\/09\/openHAB_HuboFunksteckdosen-77x66.jpg 77w, https:\/\/ftl-auerbach.lima-city.de\/Hubo\/wp-content\/uploads\/2016\/09\/openHAB_HuboFunksteckdosen-257x222.jpg 257w, https:\/\/ftl-auerbach.lima-city.de\/Hubo\/wp-content\/uploads\/2016\/09\/openHAB_HuboFunksteckdosen-514x443.jpg 514w\" sizes=\"(max-width: 633px) 100vw, 633px\" \/><\/a><\/p>\n<p>&nbsp;<\/p>\n<p class=\"western\"><strong>L\u00f6sung<\/strong><\/p>\n<p class=\"western\">Die openHAB Definition zum Betrieb der o.g. Funksteckdose 2 (Code 31, Nr 2) lautet wie folgt:<\/p>\n<pre class=\"brush: plain; title: ; notranslate\" title=\"\">\r\nswitch RCSocket2 &quot;Funksteckdose Code: 31 Nr: 2&quot;\t&lt;socket&gt; (Hubo_Funksteckdosen) {exec=&quot;&gt;[OFF:\/home\/pi\/HuboDemo\/RCSocket\/.\/RCSocket.out 31 2 0] &gt;[ON:\/home\/pi\/HuboDemo\/RCSocket\/.\/RCSocket.out 31 2 1]&quot;}\r\n<\/pre>\n","protected":false},"excerpt":{"rendered":"<p>Aufgabenstellung Mittels der 433MHz Senderoption des Hubo lassen sich diverse Ger\u00e4te per Funk steuern. Im folgenden Beispiel wurde auf das in der Hubo C++-Library gezeigte Beispiel einer Funksteckdosensteuerung RCSocket zur\u00fcckgegriffen. Selbstverst\u00e4ndlich kann die Steuerung auch \u00fcber rcswitch o.\u00e4. erfolgen. Um Steckdosen wie im folgenden Bild dargestellt zu schalten, mu\u00df entweder\u2026<\/p>\n<p> <a class=\"continue-reading-link\" href=\"https:\/\/ftl-auerbach.lima-city.de\/Hubo\/automation\/openhab-integration\/openhab-funksteckdosen-per-433mhz-sendemodul-steuern\/\"><span>Continue reading<\/span><i class=\"crycon-right-dir\"><\/i><\/a> <\/p>\n","protected":false},"author":1,"featured_media":0,"parent":704,"menu_order":0,"comment_status":"closed","ping_status":"closed","template":"","meta":[],"_links":{"self":[{"href":"https:\/\/ftl-auerbach.lima-city.de\/Hubo\/wp-json\/wp\/v2\/pages\/750"}],"collection":[{"href":"https:\/\/ftl-auerbach.lima-city.de\/Hubo\/wp-json\/wp\/v2\/pages"}],"about":[{"href":"https:\/\/ftl-auerbach.lima-city.de\/Hubo\/wp-json\/wp\/v2\/types\/page"}],"author":[{"embeddable":true,"href":"https:\/\/ftl-auerbach.lima-city.de\/Hubo\/wp-json\/wp\/v2\/users\/1"}],"replies":[{"embeddable":true,"href":"https:\/\/ftl-auerbach.lima-city.de\/Hubo\/wp-json\/wp\/v2\/comments?post=750"}],"version-history":[{"count":9,"href":"https:\/\/ftl-auerbach.lima-city.de\/Hubo\/wp-json\/wp\/v2\/pages\/750\/revisions"}],"predecessor-version":[{"id":794,"href":"https:\/\/ftl-auerbach.lima-city.de\/Hubo\/wp-json\/wp\/v2\/pages\/750\/revisions\/794"}],"up":[{"embeddable":true,"href":"https:\/\/ftl-auerbach.lima-city.de\/Hubo\/wp-json\/wp\/v2\/pages\/704"}],"wp:attachment":[{"href":"https:\/\/ftl-auerbach.lima-city.de\/Hubo\/wp-json\/wp\/v2\/media?parent=750"}],"curies":[{"name":"wp","href":"https:\/\/api.w.org\/{rel}","templated":true}]}}