{"id":675,"date":"2016-08-11T22:10:39","date_gmt":"2016-08-11T20:10:39","guid":{"rendered":"http:\/\/ftl-auerbach.lima-city.de\/Hubo\/?page_id=675"},"modified":"2016-09-06T18:28:30","modified_gmt":"2016-09-06T16:28:30","slug":"fhem-funksteckdosen-per-433mhz-sendemodul-steuern","status":"publish","type":"page","link":"https:\/\/ftl-auerbach.lima-city.de\/Hubo\/automation\/fhem-integration\/fhem-funksteckdosen-per-433mhz-sendemodul-steuern\/","title":{"rendered":"Funksteckdosen per 433MHz Sendemodul steuern"},"content":{"rendered":"<p class=\"western\"><strong>Aufgabenstellung<\/strong><\/p>\n<p class=\"western\">Mittels der 433MHz Senderoption des Hubo lassen sich diverse Ger\u00e4te per Funk steuern. Im folgenden Beispiel wurde auf das in der Hubo C++-Library gezeigte Beispiel einer Funksteckdosensteuerung\u00a0<a href=\"http:\/\/ftl-auerbach.lima-city.de\/Hubo\/Hubo_C++_Library\/Documentation\/_r_c_socket_8cpp_source.html\" target=\"_blank\">RCSocket<\/a> zur\u00fcckgegriffen. Selbstverst\u00e4ndlich kann die Steuerung auch \u00fcber rcswitch o.\u00e4. erfolgen.<\/p>\n<p class=\"western\">Um Steckdosen wie im folgenden Bild dargestellt zu schalten, mu\u00df entweder deren Family- und Steckdosencode wie abgebildet eingestellt werden oder aber der Ereignishandler entsprechend den Einstellungen der Steckdose angepa\u00dft werden.<\/p>\n<p class=\"western\"><a href=\"http:\/\/ftl-auerbach.lima-city.de\/Hubo\/wp-content\/uploads\/2016\/08\/Fhem_HuboFunksteckdosen.jpg\" rel=\"attachment wp-att-654\"><img loading=\"lazy\" class=\"alignnone size-full wp-image-654\" src=\"http:\/\/ftl-auerbach.lima-city.de\/Hubo\/wp-content\/uploads\/2016\/08\/Fhem_HuboFunksteckdosen.jpg\" alt=\"Fhem_HuboFunksteckdosen\" width=\"574\" height=\"525\" srcset=\"https:\/\/ftl-auerbach.lima-city.de\/Hubo\/wp-content\/uploads\/2016\/08\/Fhem_HuboFunksteckdosen.jpg 574w, https:\/\/ftl-auerbach.lima-city.de\/Hubo\/wp-content\/uploads\/2016\/08\/Fhem_HuboFunksteckdosen-300x274.jpg 300w, https:\/\/ftl-auerbach.lima-city.de\/Hubo\/wp-content\/uploads\/2016\/08\/Fhem_HuboFunksteckdosen-150x137.jpg 150w, https:\/\/ftl-auerbach.lima-city.de\/Hubo\/wp-content\/uploads\/2016\/08\/Fhem_HuboFunksteckdosen-164x150.jpg 164w, https:\/\/ftl-auerbach.lima-city.de\/Hubo\/wp-content\/uploads\/2016\/08\/Fhem_HuboFunksteckdosen-484x443.jpg 484w, https:\/\/ftl-auerbach.lima-city.de\/Hubo\/wp-content\/uploads\/2016\/08\/Fhem_HuboFunksteckdosen-72x66.jpg 72w, https:\/\/ftl-auerbach.lima-city.de\/Hubo\/wp-content\/uploads\/2016\/08\/Fhem_HuboFunksteckdosen-243x222.jpg 243w\" sizes=\"(max-width: 574px) 100vw, 574px\" \/><\/a><\/p>\n<p>&nbsp;<\/p>\n<p class=\"western\"><strong>L\u00f6sung<\/strong><\/p>\n<p class=\"western\">Fhem Definition zum Betrieb von Funksteckdosen:<\/p>\n<pre class=\"brush: perl; title: ; notranslate\" title=\"\">\r\ndefine Socket1 dummy\r\nattr Socket1 alias Steckdose: Familycode: 31 Dose Nr.: 2\r\nattr Socket1 devStateIcon on:on:off off:off:on\r\nattr Socket1 room Funksteckdosen\r\ndefine Socket1_toggle notify Socket1:.* {if (Value(&quot;Socket1&quot;) eq &quot;on&quot;) {my $ergebnis = `\/home\/pi\/HuboDemo\/RCSocket\/.\/RCSocket.out 31 2 1`} else {my $ergebnis = `\/home\/pi\/HuboDemo\/RCSocket\/.\/RCSocket.out 31 2 0`}}\r\nattr Socket1_toggle room Funksteckdosen\r\n<\/pre>\n","protected":false},"excerpt":{"rendered":"<p>Aufgabenstellung Mittels der 433MHz Senderoption des Hubo lassen sich diverse Ger\u00e4te per Funk steuern. Im folgenden Beispiel wurde auf das in der Hubo C++-Library gezeigte Beispiel einer Funksteckdosensteuerung\u00a0RCSocket zur\u00fcckgegriffen. Selbstverst\u00e4ndlich kann die Steuerung auch \u00fcber rcswitch o.\u00e4. erfolgen. Um Steckdosen wie im folgenden Bild dargestellt zu schalten, mu\u00df entweder deren\u2026<\/p>\n<p> <a class=\"continue-reading-link\" href=\"https:\/\/ftl-auerbach.lima-city.de\/Hubo\/automation\/fhem-integration\/fhem-funksteckdosen-per-433mhz-sendemodul-steuern\/\"><span>Continue reading<\/span><i class=\"crycon-right-dir\"><\/i><\/a> <\/p>\n","protected":false},"author":1,"featured_media":0,"parent":646,"menu_order":0,"comment_status":"closed","ping_status":"closed","template":"","meta":[],"_links":{"self":[{"href":"https:\/\/ftl-auerbach.lima-city.de\/Hubo\/wp-json\/wp\/v2\/pages\/675"}],"collection":[{"href":"https:\/\/ftl-auerbach.lima-city.de\/Hubo\/wp-json\/wp\/v2\/pages"}],"about":[{"href":"https:\/\/ftl-auerbach.lima-city.de\/Hubo\/wp-json\/wp\/v2\/types\/page"}],"author":[{"embeddable":true,"href":"https:\/\/ftl-auerbach.lima-city.de\/Hubo\/wp-json\/wp\/v2\/users\/1"}],"replies":[{"embeddable":true,"href":"https:\/\/ftl-auerbach.lima-city.de\/Hubo\/wp-json\/wp\/v2\/comments?post=675"}],"version-history":[{"count":5,"href":"https:\/\/ftl-auerbach.lima-city.de\/Hubo\/wp-json\/wp\/v2\/pages\/675\/revisions"}],"predecessor-version":[{"id":790,"href":"https:\/\/ftl-auerbach.lima-city.de\/Hubo\/wp-json\/wp\/v2\/pages\/675\/revisions\/790"}],"up":[{"embeddable":true,"href":"https:\/\/ftl-auerbach.lima-city.de\/Hubo\/wp-json\/wp\/v2\/pages\/646"}],"wp:attachment":[{"href":"https:\/\/ftl-auerbach.lima-city.de\/Hubo\/wp-json\/wp\/v2\/media?parent=675"}],"curies":[{"name":"wp","href":"https:\/\/api.w.org\/{rel}","templated":true}]}}