{"id":651,"date":"2016-08-11T20:41:58","date_gmt":"2016-08-11T18:41:58","guid":{"rendered":"http:\/\/ftl-auerbach.lima-city.de\/Hubo\/?page_id=651"},"modified":"2016-09-06T18:23:30","modified_gmt":"2016-09-06T16:23:30","slug":"fhem-digitale-ein-und-ausgaenge","status":"publish","type":"page","link":"https:\/\/ftl-auerbach.lima-city.de\/Hubo\/automation\/fhem-integration\/fhem-digitale-ein-und-ausgaenge\/","title":{"rendered":"Digitale Ein-und Ausg\u00e4nge"},"content":{"rendered":"<p><strong>Aufgabenstellung<\/strong><\/p>\n<p>Da der MCP23017 direkt von Fhem unterst\u00fctzt wird, gestaltet sich dessen Einbindung sehr einfach. Das nachfolgende Beispiel zeigt alle Eing\u00e4nge und definiert Taster, mittels derer sich die 4 Relais des Hubo direkt schalten lassen. Zus\u00e4tzlich ist der Eingang 7 auf den Ausgang 7 gekoppelt, soda\u00df der Ausgang entweder \u00fcber den Taster 7 oder auch \u00fcber ein Signal am Eingang 7 umgeschaltet werden kann.<br \/>\nDas folgende Bild zeigt die Darstellung der digitalen Ein- und Ausg\u00e4nge sowie die definierten Events zum schalten.<\/p>\n<p><a href=\"http:\/\/ftl-auerbach.lima-city.de\/Hubo\/wp-content\/uploads\/2016\/08\/Fhem_HuboDigital.jpg\" rel=\"attachment wp-att-653\"><img loading=\"lazy\" class=\"alignnone size-full wp-image-653\" src=\"http:\/\/ftl-auerbach.lima-city.de\/Hubo\/wp-content\/uploads\/2016\/08\/Fhem_HuboDigital.jpg\" alt=\"Fhem_HuboDigital\" width=\"576\" height=\"875\" srcset=\"https:\/\/ftl-auerbach.lima-city.de\/Hubo\/wp-content\/uploads\/2016\/08\/Fhem_HuboDigital.jpg 576w, https:\/\/ftl-auerbach.lima-city.de\/Hubo\/wp-content\/uploads\/2016\/08\/Fhem_HuboDigital-197x300.jpg 197w, https:\/\/ftl-auerbach.lima-city.de\/Hubo\/wp-content\/uploads\/2016\/08\/Fhem_HuboDigital-99x150.jpg 99w, https:\/\/ftl-auerbach.lima-city.de\/Hubo\/wp-content\/uploads\/2016\/08\/Fhem_HuboDigital-300x456.jpg 300w, https:\/\/ftl-auerbach.lima-city.de\/Hubo\/wp-content\/uploads\/2016\/08\/Fhem_HuboDigital-292x443.jpg 292w, https:\/\/ftl-auerbach.lima-city.de\/Hubo\/wp-content\/uploads\/2016\/08\/Fhem_HuboDigital-43x66.jpg 43w, https:\/\/ftl-auerbach.lima-city.de\/Hubo\/wp-content\/uploads\/2016\/08\/Fhem_HuboDigital-146x222.jpg 146w\" sizes=\"(max-width: 576px) 100vw, 576px\" \/><\/a><br \/>\n&nbsp;<\/p>\n<p class=\"western\"><strong>L\u00f6sung<\/strong><\/p>\n<p class=\"western\">Die Definition z.B. des Tasters \u201eLampeA6\u201c und des zugeh\u00f6rigen Ereignisses zum Schalten des Relais auf Ausgang A6 wurde im Beispiel wie folgt definiert:<\/p>\n<pre class=\"brush: perl; title: ; notranslate\" title=\"\">\r\ndefine LampeA6 dummy\r\nattr LampeA6 alias LampeA6\r\nattr LampeA6 devStateIcon on:on:off off:off:on\r\nattr LampeA6 room Hubo_Digital\r\n\r\ndefine LampeA6_toggle notify LampeA6:.* {if (Value(&quot;LampeA6&quot;) eq &quot;on&quot;) {fhem &quot;set i2c_dev_0x20 PortA6 on&quot;} else {fhem &quot;set i2c_dev_0x20 PortA6 off&quot;}}\r\nattr LampeA6_toggle room Hubo_Digital\r\n<\/pre>\n","protected":false},"excerpt":{"rendered":"<p>Aufgabenstellung Da der MCP23017 direkt von Fhem unterst\u00fctzt wird, gestaltet sich dessen Einbindung sehr einfach. Das nachfolgende Beispiel zeigt alle Eing\u00e4nge und definiert Taster, mittels derer sich die 4 Relais des Hubo direkt schalten lassen. Zus\u00e4tzlich ist der Eingang 7 auf den Ausgang 7 gekoppelt, soda\u00df der Ausgang entweder \u00fcber\u2026<\/p>\n<p> <a class=\"continue-reading-link\" href=\"https:\/\/ftl-auerbach.lima-city.de\/Hubo\/automation\/fhem-integration\/fhem-digitale-ein-und-ausgaenge\/\"><span>Continue reading<\/span><i class=\"crycon-right-dir\"><\/i><\/a> <\/p>\n","protected":false},"author":1,"featured_media":0,"parent":646,"menu_order":0,"comment_status":"closed","ping_status":"closed","template":"","meta":[],"_links":{"self":[{"href":"https:\/\/ftl-auerbach.lima-city.de\/Hubo\/wp-json\/wp\/v2\/pages\/651"}],"collection":[{"href":"https:\/\/ftl-auerbach.lima-city.de\/Hubo\/wp-json\/wp\/v2\/pages"}],"about":[{"href":"https:\/\/ftl-auerbach.lima-city.de\/Hubo\/wp-json\/wp\/v2\/types\/page"}],"author":[{"embeddable":true,"href":"https:\/\/ftl-auerbach.lima-city.de\/Hubo\/wp-json\/wp\/v2\/users\/1"}],"replies":[{"embeddable":true,"href":"https:\/\/ftl-auerbach.lima-city.de\/Hubo\/wp-json\/wp\/v2\/comments?post=651"}],"version-history":[{"count":11,"href":"https:\/\/ftl-auerbach.lima-city.de\/Hubo\/wp-json\/wp\/v2\/pages\/651\/revisions"}],"predecessor-version":[{"id":789,"href":"https:\/\/ftl-auerbach.lima-city.de\/Hubo\/wp-json\/wp\/v2\/pages\/651\/revisions\/789"}],"up":[{"embeddable":true,"href":"https:\/\/ftl-auerbach.lima-city.de\/Hubo\/wp-json\/wp\/v2\/pages\/646"}],"wp:attachment":[{"href":"https:\/\/ftl-auerbach.lima-city.de\/Hubo\/wp-json\/wp\/v2\/media?parent=651"}],"curies":[{"name":"wp","href":"https:\/\/api.w.org\/{rel}","templated":true}]}}