{"id":646,"date":"2016-08-11T20:36:06","date_gmt":"2016-08-11T18:36:06","guid":{"rendered":"http:\/\/ftl-auerbach.lima-city.de\/Hubo\/?page_id=646"},"modified":"2018-04-27T08:12:45","modified_gmt":"2018-04-27T06:12:45","slug":"fhem-integration","status":"publish","type":"page","link":"https:\/\/ftl-auerbach.lima-city.de\/Hubo\/automation\/fhem-integration\/","title":{"rendered":"FHEM"},"content":{"rendered":"<p class=\"western\"><strong>Aufgabenstellung<\/strong><\/p>\n<p class=\"western\">Fhem erlaubt die einfache Integration diverser Sensorik und Aktorik in die Heimautomation sowie deren Visualisierung am Smartphone, Tablet und PC. Schaltvorg\u00e4nge lassen sich jedoch auch kombinieren. An dieser Stelle soll gezeigt werden, wie die Hardware des Hubo auf einfache Weise in Fhem integriert werden kann. Es handelt sich dabei um:<\/p>\n<ul>\n<li class=\"western\">die digitalen Ein- und Ausg\u00e4nge des I2C Portexpander MCP23017,<\/li>\n<li class=\"western\">des Zugriffs auf die 1wire Sensoren DS18x20 sowie<\/li>\n<li class=\"western\">die Steuerung von Funksteckdosen per 433MHz Sendemodul.<\/li>\n<\/ul>\n<p>&nbsp;<\/p>\n<p><strong>Installation<\/strong><\/p>\n<p class=\"western\">Zur Installation Fhem\u2018s kann auf die einschl\u00e4gigen Artikel z.B. (<a href=\"https:\/\/debian.fhem.de\/\" target=\"_blank\" rel=\"noopener\">hier<\/a>) zur\u00fcckgegriffen werden.<\/p>\n<p class=\"western\">Das in der Downloadrubrik verf\u00fcgbare <a href=\"http:\/\/ftl-auerbach.lima-city.de\/Hubo\/download-pages\/linux-images\/\" target=\"_blank\" rel=\"noopener\">Image<\/a> enth\u00e4lt bereits einen komplett eingerichteten Fhem-Server und ist damit optimal f\u00fcr den Einsteiger, der zun\u00e4chst nur die prinzipielle Einbindung des Hubo in Fhem kennenlernen will.<\/p>\n<p class=\"western\">Zur Erweiterung vorhandener Images empfehlen wir die Installation der Hubo Library. Diese bietet neben einem Installer der C++ Library auch einen Installer f\u00fcr Fhem einschlie\u00dflich einer Konfigurationsdatei zur Demonstration der Verwendung der Hubo Hardware unter Fhem.<\/p>\n<p class=\"western\">Anmerkungen:<\/p>\n<ul>\n<li class=\"western\">Beachten Sie bitte, da\u00df das Beispiel zur Verwendung von Funksteckdosen auf die C++-Beispielimplementierung RCSocket der Hubo Library zur\u00fcckgreift. Diese wird vom Installationsscript automatisch mitinstalliert. Einer vollst\u00e4ndigen Installation der Hubo C++-Library bedarf es in diesem Fall also nicht. Alternativ k\u00f6nnen Sie nat\u00fcrlich auch auf rcswitch o.\u00e4. zur\u00fcckgreifen.<\/li>\n<li class=\"western\">Zur Verwendung des 1Wire Bus\u2018 \u00fcber den GPIO-Port 4 bedarf es eines Hilfsmoduls, welches sich im Standardumfang einer Fhem Installation befindet. Dieses wird ebenfalls \u00fcber den Fhem Installer mitinstalliert.<\/li>\n<li class=\"western\">Auch die f\u00fcr den Betrieb des I2C Busses (MCP23017) erforderlichen Rechte f\u00fcr Fhem werden vom Installer erteilt.<\/li>\n<\/ul>\n<p>Zur Installation starten Sie das Script wie folgt: <em>~\/Fhem\/.\/install<\/em><\/p>\n<p>Start und Stop des Fhem-Servers erfolgen via <em>sudo \/etc\/init.d\/fhem start<\/em> bzw. <em>sudo \/etc\/init.d\/fhem stop<\/em>.<\/p>\n<p class=\"western\">Der Fhem-Server ist wie folgt zu erreichen: <a href=\"http:\/\/raspberrypi:8083\" target=\"_blank\" rel=\"noopener\">http:\/\/raspberrypi:8083<\/a>.<\/p>\n","protected":false},"excerpt":{"rendered":"<p>Aufgabenstellung Fhem erlaubt die einfache Integration diverser Sensorik und Aktorik in die Heimautomation sowie deren Visualisierung am Smartphone, Tablet und PC. Schaltvorg\u00e4nge lassen sich jedoch auch kombinieren. An dieser Stelle soll gezeigt werden, wie die Hardware des Hubo auf einfache Weise in Fhem integriert werden kann. Es handelt sich dabei\u2026<\/p>\n<p> <a class=\"continue-reading-link\" href=\"https:\/\/ftl-auerbach.lima-city.de\/Hubo\/automation\/fhem-integration\/\"><span>Continue reading<\/span><i class=\"crycon-right-dir\"><\/i><\/a> <\/p>\n","protected":false},"author":1,"featured_media":0,"parent":693,"menu_order":0,"comment_status":"closed","ping_status":"closed","template":"","meta":[],"_links":{"self":[{"href":"https:\/\/ftl-auerbach.lima-city.de\/Hubo\/wp-json\/wp\/v2\/pages\/646"}],"collection":[{"href":"https:\/\/ftl-auerbach.lima-city.de\/Hubo\/wp-json\/wp\/v2\/pages"}],"about":[{"href":"https:\/\/ftl-auerbach.lima-city.de\/Hubo\/wp-json\/wp\/v2\/types\/page"}],"author":[{"embeddable":true,"href":"https:\/\/ftl-auerbach.lima-city.de\/Hubo\/wp-json\/wp\/v2\/users\/1"}],"replies":[{"embeddable":true,"href":"https:\/\/ftl-auerbach.lima-city.de\/Hubo\/wp-json\/wp\/v2\/comments?post=646"}],"version-history":[{"count":20,"href":"https:\/\/ftl-auerbach.lima-city.de\/Hubo\/wp-json\/wp\/v2\/pages\/646\/revisions"}],"predecessor-version":[{"id":1281,"href":"https:\/\/ftl-auerbach.lima-city.de\/Hubo\/wp-json\/wp\/v2\/pages\/646\/revisions\/1281"}],"up":[{"embeddable":true,"href":"https:\/\/ftl-auerbach.lima-city.de\/Hubo\/wp-json\/wp\/v2\/pages\/693"}],"wp:attachment":[{"href":"https:\/\/ftl-auerbach.lima-city.de\/Hubo\/wp-json\/wp\/v2\/media?parent=646"}],"curies":[{"name":"wp","href":"https:\/\/api.w.org\/{rel}","templated":true}]}}