{"id":629,"date":"2016-08-06T13:44:29","date_gmt":"2016-08-06T11:44:29","guid":{"rendered":"http:\/\/ftl-auerbach.lima-city.de\/Hubo\/?page_id=629"},"modified":"2018-04-27T08:24:30","modified_gmt":"2018-04-27T06:24:30","slug":"alarmanlage-mit-26-reedkontakten","status":"publish","type":"page","link":"https:\/\/ftl-auerbach.lima-city.de\/Hubo\/projekte-support\/alarmanlage-mit-26-reedkontakten\/","title":{"rendered":"Alarmanlage mit 26 Reedkontakten"},"content":{"rendered":"<p class=\"western\"><strong>Aufgabenstellung<\/strong><\/p>\n<p class=\"western\">Die Fenster- und T\u00fcrkontakte (Reedschalter) im Einfamilienhaus (25 Meldekontakte) sollen zentral erfa\u00dft werden und eine Zugangsm\u00f6glichkeit per Transponder geschaffen werden. Erschwerend kommt hinzu, da\u00df den Reedschaltern jeweils ein 12k Widerstand in Serie und innerhalb der Fensterlaibung liegt. Ohne bautechnische Ma\u00dfnahmen sind diese nicht zu entfernen. Die Verkabelung ist sternf\u00f6rmig ausgef\u00fchrt.<\/p>\n<p>&nbsp;<\/p>\n<p class=\"western\"><strong>L\u00f6sung<\/strong><\/p>\n<p class=\"western\">Um die genannte Anzahl von Eing\u00e4ngen realisieren zu k\u00f6nnen, wurden mehrere (insgesamt 4) Hubos \u00fcber dessen I2C-Bus kaskadiert. Somit wurden 32 digitale Eing\u00e4nge m\u00f6glich. Nachdem den Reedkontakten noch ein 12k Widerstand in Serie lag, konnten diese nicht direkt an die digitalen Eing\u00e4nge des Hubo geschaltet werden. Um dieses Problem zu l\u00f6sen und gleichzeitig den St\u00f6rabstand der Hausverkabelung zu erh\u00f6hen, wurde die Reedkontakte mit 12V gespeist und per ULN2803 in ein f\u00fcr die Hubo Digitaleing\u00e4nge angepa\u00dftes Signal aufbereitet. Ein Tiefpa\u00df bestehend aus 4,7k und 470nF pro Eingang des ULN2803 sowie eine Schottkydiode BAT 42 an dessen Ausg\u00e4ngen bildeten die Signalaufbereitung f\u00fcr den Hubo.<\/p>\n<p class=\"western\">Die Applikation wurde auf Basis der Hubo C++ Library entwickelt. Der Zugriff auf die digitalen Eing\u00e4nge erfolgte ereignisgesteuert per <a href=\"https:\/\/ftl-auerbach.lima-city.de\/Hubo\/Hubo_C++_Library\/Documentation\/group___digital_input_handling.html\" target=\"_blank\" rel=\"noopener\">Get_DI_Channel()<\/a> bzw. <a href=\"https:\/\/ftl-auerbach.lima-city.de\/Hubo\/Hubo_C++_Library\/Documentation\/group___digital_input_handling.html\" target=\"_blank\" rel=\"noopener\">Get_Slave_DI_Channel()<\/a>.<\/p>\n<p class=\"western\">Das folgende Bild zeigt die 4 kaskadierten Hubos. Dar\u00fcber sieht man die Platine zur Signalvorbereitung, ausgelegt f\u00fcr 32 Kan\u00e4le. Rechts oben befindet sich das 12V Netzteil zum Betrieb der Reedkontakte, links oben das zum Betrieb des Raspi und der Hubos.<\/p>\n<p class=\"western\"><a href=\"http:\/\/ftl-auerbach.lima-city.de\/Hubo\/wp-content\/uploads\/2016\/08\/Alarmanlage_mit_Hubo.jpg\" rel=\"attachment wp-att-630\"><img loading=\"lazy\" class=\"alignnone size-full wp-image-630\" src=\"http:\/\/ftl-auerbach.lima-city.de\/Hubo\/wp-content\/uploads\/2016\/08\/Alarmanlage_mit_Hubo.jpg\" alt=\"Alarmanlage_mit_Hubo\" width=\"1024\" height=\"768\" srcset=\"https:\/\/ftl-auerbach.lima-city.de\/Hubo\/wp-content\/uploads\/2016\/08\/Alarmanlage_mit_Hubo.jpg 1024w, https:\/\/ftl-auerbach.lima-city.de\/Hubo\/wp-content\/uploads\/2016\/08\/Alarmanlage_mit_Hubo-300x225.jpg 300w, https:\/\/ftl-auerbach.lima-city.de\/Hubo\/wp-content\/uploads\/2016\/08\/Alarmanlage_mit_Hubo-768x576.jpg 768w, https:\/\/ftl-auerbach.lima-city.de\/Hubo\/wp-content\/uploads\/2016\/08\/Alarmanlage_mit_Hubo-150x113.jpg 150w, https:\/\/ftl-auerbach.lima-city.de\/Hubo\/wp-content\/uploads\/2016\/08\/Alarmanlage_mit_Hubo-200x150.jpg 200w, https:\/\/ftl-auerbach.lima-city.de\/Hubo\/wp-content\/uploads\/2016\/08\/Alarmanlage_mit_Hubo-600x450.jpg 600w, https:\/\/ftl-auerbach.lima-city.de\/Hubo\/wp-content\/uploads\/2016\/08\/Alarmanlage_mit_Hubo-88x66.jpg 88w, https:\/\/ftl-auerbach.lima-city.de\/Hubo\/wp-content\/uploads\/2016\/08\/Alarmanlage_mit_Hubo-296x222.jpg 296w, https:\/\/ftl-auerbach.lima-city.de\/Hubo\/wp-content\/uploads\/2016\/08\/Alarmanlage_mit_Hubo-591x443.jpg 591w\" sizes=\"(max-width: 1024px) 100vw, 1024px\" \/><\/a><\/p>\n<p class=\"western\">Weitere Informationen zum Projekt k\u00f6nnen in den Threads des Raspberry Pi Forums (Raspi Alarmanlage mit 26 Kan\u00e4len auf Basis des Hubo) nachgelesen werden.<\/p>\n<p>&nbsp;<\/p>\n<p class=\"western\"><strong>Fazit<\/strong><\/p>\n<p class=\"western\">Mit nur 3 zus\u00e4tzlichen Bauelementen pro Eingangskanal gelang eine sichere Signalaufbereitung, die zum einen einkoppelnde St\u00f6rungen filtert, zum anderen auch einen zus\u00e4tzlichen ESD Schutz bildet. Mechanische Umbauarbeiten fielen somit nicht an.<\/p>\n<p class=\"western\">Aufgrund des modularen Konzeptes war es m\u00f6glich, die Anlage auf 4 Module zu erweitern, was die Anzahl der digitalen Ein- und Ausg\u00e4nge auf je 32 eh\u00f6hte.<\/p>\n","protected":false},"excerpt":{"rendered":"<p>Aufgabenstellung Die Fenster- und T\u00fcrkontakte (Reedschalter) im Einfamilienhaus (25 Meldekontakte) sollen zentral erfa\u00dft werden und eine Zugangsm\u00f6glichkeit per Transponder geschaffen werden. Erschwerend kommt hinzu, da\u00df den Reedschaltern jeweils ein 12k Widerstand in Serie und innerhalb der Fensterlaibung liegt. Ohne bautechnische Ma\u00dfnahmen sind diese nicht zu entfernen. Die Verkabelung ist sternf\u00f6rmig\u2026<\/p>\n<p> <a class=\"continue-reading-link\" href=\"https:\/\/ftl-auerbach.lima-city.de\/Hubo\/projekte-support\/alarmanlage-mit-26-reedkontakten\/\"><span>Continue reading<\/span><i class=\"crycon-right-dir\"><\/i><\/a> <\/p>\n","protected":false},"author":1,"featured_media":0,"parent":577,"menu_order":0,"comment_status":"closed","ping_status":"closed","template":"","meta":[],"_links":{"self":[{"href":"https:\/\/ftl-auerbach.lima-city.de\/Hubo\/wp-json\/wp\/v2\/pages\/629"}],"collection":[{"href":"https:\/\/ftl-auerbach.lima-city.de\/Hubo\/wp-json\/wp\/v2\/pages"}],"about":[{"href":"https:\/\/ftl-auerbach.lima-city.de\/Hubo\/wp-json\/wp\/v2\/types\/page"}],"author":[{"embeddable":true,"href":"https:\/\/ftl-auerbach.lima-city.de\/Hubo\/wp-json\/wp\/v2\/users\/1"}],"replies":[{"embeddable":true,"href":"https:\/\/ftl-auerbach.lima-city.de\/Hubo\/wp-json\/wp\/v2\/comments?post=629"}],"version-history":[{"count":12,"href":"https:\/\/ftl-auerbach.lima-city.de\/Hubo\/wp-json\/wp\/v2\/pages\/629\/revisions"}],"predecessor-version":[{"id":1286,"href":"https:\/\/ftl-auerbach.lima-city.de\/Hubo\/wp-json\/wp\/v2\/pages\/629\/revisions\/1286"}],"up":[{"embeddable":true,"href":"https:\/\/ftl-auerbach.lima-city.de\/Hubo\/wp-json\/wp\/v2\/pages\/577"}],"wp:attachment":[{"href":"https:\/\/ftl-auerbach.lima-city.de\/Hubo\/wp-json\/wp\/v2\/media?parent=629"}],"curies":[{"name":"wp","href":"https:\/\/api.w.org\/{rel}","templated":true}]}}