{"id":583,"date":"2016-08-01T19:17:56","date_gmt":"2016-08-01T17:17:56","guid":{"rendered":"http:\/\/ftl-auerbach.lima-city.de\/Hubo\/?page_id=583"},"modified":"2018-04-28T12:36:15","modified_gmt":"2018-04-28T10:36:15","slug":"altbau-wenn-es-an-signalkabeln-fehlt","status":"publish","type":"page","link":"https:\/\/ftl-auerbach.lima-city.de\/Hubo\/projekte-support\/altbau-wenn-es-an-signalkabeln-fehlt\/","title":{"rendered":"Altbau &#8211; wenn es an Signalkabeln fehlt"},"content":{"rendered":"<p><strong>Aufgabenstellung<\/strong><\/p>\n<p>Nicht selten steht man vor dem Problem, da\u00df mehr digitale Signale (z.B. von Schaltern und Tastern) \u00fcbertragen werden sollen, als Kupferleitungen zur Verf\u00fcgung stehen. Oft wird in solchen Situationen dann auf Funkl\u00f6sungen zur\u00fcckgegriffen. Das mu\u00df aber nicht sein. Nachfolgend wollen wir Ihnen zeigen, wie Sie mit nur 2 Kabeln bis zu 8 Signale \u00fcbertragen k\u00f6nnen.<\/p>\n<p>&nbsp;<\/p>\n<p><strong>L\u00f6sung<br \/>\n<\/strong><\/p>\n<p>Per Widerstandskette lassen sich leicht analoge Signale erzeugen, welche auf nur 2 Leitungen \u00fcbertragen werden k\u00f6nnen. Als ideal erweiterbar erweisen sich Stromsto\u00dfschaltungen, bei denen der Steuerkreis entsprechen auf Kleinspannung umgestellt und erweitert wird. Aber auch einfache Schalter an &#8222;Klingeldr\u00e4hten&#8220; lassen sich um weitere Schalter\u00a0 erweitern.<\/p>\n<p>Das folgende Bild zeigt eine Erweiterung einer 2-adrigen Leitung zum gleichzeitigen Betrieb von 3 Schaltern oder Tastern.<\/p>\n<div id=\"attachment_587\" style=\"width: 1249px\" class=\"wp-caption alignnone\"><a href=\"http:\/\/ftl-auerbach.lima-city.de\/Hubo\/wp-content\/uploads\/2016\/08\/Widerstandskette_5V.jpg\" rel=\"attachment wp-att-587\"><img aria-describedby=\"caption-attachment-587\" loading=\"lazy\" class=\"wp-image-587 size-full\" src=\"http:\/\/ftl-auerbach.lima-city.de\/Hubo\/wp-content\/uploads\/2016\/08\/Widerstandskette_5V.jpg\" alt=\"Widerstandskette f\u00fcr 5V Speisespannung\" width=\"1239\" height=\"645\" srcset=\"https:\/\/ftl-auerbach.lima-city.de\/Hubo\/wp-content\/uploads\/2016\/08\/Widerstandskette_5V.jpg 1239w, https:\/\/ftl-auerbach.lima-city.de\/Hubo\/wp-content\/uploads\/2016\/08\/Widerstandskette_5V-300x156.jpg 300w, https:\/\/ftl-auerbach.lima-city.de\/Hubo\/wp-content\/uploads\/2016\/08\/Widerstandskette_5V-768x400.jpg 768w, https:\/\/ftl-auerbach.lima-city.de\/Hubo\/wp-content\/uploads\/2016\/08\/Widerstandskette_5V-1024x533.jpg 1024w, https:\/\/ftl-auerbach.lima-city.de\/Hubo\/wp-content\/uploads\/2016\/08\/Widerstandskette_5V-150x78.jpg 150w, https:\/\/ftl-auerbach.lima-city.de\/Hubo\/wp-content\/uploads\/2016\/08\/Widerstandskette_5V-250x130.jpg 250w, https:\/\/ftl-auerbach.lima-city.de\/Hubo\/wp-content\/uploads\/2016\/08\/Widerstandskette_5V-600x312.jpg 600w, https:\/\/ftl-auerbach.lima-city.de\/Hubo\/wp-content\/uploads\/2016\/08\/Widerstandskette_5V-90x47.jpg 90w\" sizes=\"(max-width: 1239px) 100vw, 1239px\" \/><\/a><p id=\"caption-attachment-587\" class=\"wp-caption-text\">Widerstandskette f\u00fcr den direkten Betrieb am Hubo bei einer Speisespannung von Us=5V<\/p><\/div>\n<p>Widerst\u00e4nde f\u00fcr andere Speisespannungen k\u00f6nnen mit dem <a href=\"http:\/\/ftl-auerbach.lima-city.de\/Hubo\/download\/1283\/\">Spannungsteiler-Rechner<\/a> ermittelt werden.<\/p>\n<p>&nbsp;<\/p>\n<p><strong>Der Vorteil der analogen Datenerfassung<br \/>\n<\/strong><\/p>\n<p>Die analoge Messung bietet gegen\u00fcber der sonst \u00fcblichen Messung an Digitaleing\u00e4ngen erhebliche Vorteile, die nachfolgend er\u00f6rtert werden sollen.<\/p>\n<ul>\n<li>Es m\u00fcssen keine weiteren Kabel verlegt werden (das Aufhacken von W\u00e4nden entf\u00e4llt).<\/li>\n<li>&#8222;Kabelaltbest\u00e4nde&#8220; (Klingeldr\u00e4hte, nicht verwendete Koaxleitungen, Telefonkabel, Netzwerkkabel und stillgelegte Netzleitungen) k\u00f6nnen weiterverwendet werden.<\/li>\n<li>Das Signal kann vor einer weiteren Verarbeitung &#8222;eingemessen&#8220; werden. D.h. Man mi\u00dft das Signal eines jeden Schalters und definiert sich ein entsprechendes Schaltfenster um den gelieferten Analogwert-Wert. Auf diese Weise erlaubt sich die Festlegung eigener Schalthysteresen und man ist nicht von den oft nicht einstellbaren Grenzen digitaler Eing\u00e4nge abh\u00e4ngig. Zudem spielen Leitungsverluste bei langen Leitungen kaum noch eine Rolle.<\/li>\n<li>St\u00f6rungen k\u00f6nnen direkt gemessen werden. Jede Leitung unterliegt St\u00f6rungen, die induktiv oder kapazitiv einkoppeln. Mittels einer Testabtastung (sehen sie dazu den Befehl <a href=\"https:\/\/ftl-auerbach.lima-city.de\/Hubo\/Hubo_C++_Library\/Documentation\/index.html#AnalogRawInput\" target=\"_blank\" rel=\"noopener\">Get_AI_Channel_Raw()<\/a> der Hubo C++ Library) besitzen Sie eine Oszilloskopfunktion, die Ihnen auf einfachem Weg zeigt, ob und falls ja, wie hoch die St\u00f6rungen auf Ihrer Signalleitung ausfallen. Sollten die analogen Eingangsfilter des Hubo diese St\u00f6rungen nicht ohnehin schon filtern, dann k\u00f6nnen Sie mittels Variation des RC-Gliedes die Filter auf Ihre Bed\u00fcrfnisse anpassen.<\/li>\n<\/ul>\n","protected":false},"excerpt":{"rendered":"<p>Aufgabenstellung Nicht selten steht man vor dem Problem, da\u00df mehr digitale Signale (z.B. von Schaltern und Tastern) \u00fcbertragen werden sollen, als Kupferleitungen zur Verf\u00fcgung stehen. Oft wird in solchen Situationen dann auf Funkl\u00f6sungen zur\u00fcckgegriffen. Das mu\u00df aber nicht sein. Nachfolgend wollen wir Ihnen zeigen, wie Sie mit nur 2 Kabeln\u2026<\/p>\n<p> <a class=\"continue-reading-link\" href=\"https:\/\/ftl-auerbach.lima-city.de\/Hubo\/projekte-support\/altbau-wenn-es-an-signalkabeln-fehlt\/\"><span>Continue reading<\/span><i class=\"crycon-right-dir\"><\/i><\/a> <\/p>\n","protected":false},"author":1,"featured_media":0,"parent":577,"menu_order":0,"comment_status":"closed","ping_status":"closed","template":"","meta":[],"_links":{"self":[{"href":"https:\/\/ftl-auerbach.lima-city.de\/Hubo\/wp-json\/wp\/v2\/pages\/583"}],"collection":[{"href":"https:\/\/ftl-auerbach.lima-city.de\/Hubo\/wp-json\/wp\/v2\/pages"}],"about":[{"href":"https:\/\/ftl-auerbach.lima-city.de\/Hubo\/wp-json\/wp\/v2\/types\/page"}],"author":[{"embeddable":true,"href":"https:\/\/ftl-auerbach.lima-city.de\/Hubo\/wp-json\/wp\/v2\/users\/1"}],"replies":[{"embeddable":true,"href":"https:\/\/ftl-auerbach.lima-city.de\/Hubo\/wp-json\/wp\/v2\/comments?post=583"}],"version-history":[{"count":25,"href":"https:\/\/ftl-auerbach.lima-city.de\/Hubo\/wp-json\/wp\/v2\/pages\/583\/revisions"}],"predecessor-version":[{"id":1392,"href":"https:\/\/ftl-auerbach.lima-city.de\/Hubo\/wp-json\/wp\/v2\/pages\/583\/revisions\/1392"}],"up":[{"embeddable":true,"href":"https:\/\/ftl-auerbach.lima-city.de\/Hubo\/wp-json\/wp\/v2\/pages\/577"}],"wp:attachment":[{"href":"https:\/\/ftl-auerbach.lima-city.de\/Hubo\/wp-json\/wp\/v2\/media?parent=583"}],"curies":[{"name":"wp","href":"https:\/\/api.w.org\/{rel}","templated":true}]}}