{"id":455,"date":"2016-01-05T19:02:45","date_gmt":"2016-01-05T18:02:45","guid":{"rendered":"http:\/\/ftl-auerbach.lima-city.de\/Hubo\/?page_id=455"},"modified":"2018-04-27T17:38:02","modified_gmt":"2018-04-27T15:38:02","slug":"zahlungshinweise","status":"publish","type":"page","link":"https:\/\/ftl-auerbach.lima-city.de\/Hubo\/zahlungshinweise\/","title":{"rendered":"Zahlungshinweise"},"content":{"rendered":"<p>Sofern nicht schriftlich anders vereinbart, erfolgt die Bezahlung per Vorkasse. Die \u00dcberweisung des Gesamtbetrages erfolgt dabei wahlweise per <strong>PayPal<\/strong> oder durch <strong>Bank\u00fcberweisung<\/strong>. Bei Wahl von <strong>Bank\u00fcberweisung<\/strong> senden wir Ihnen unsere Bankverbindung nach Abschlu\u00df des Bestellvorgangs per Mail zu.<\/p>\n","protected":false},"excerpt":{"rendered":"<p>Sofern nicht schriftlich anders vereinbart, erfolgt die Bezahlung per Vorkasse. Die \u00dcberweisung des Gesamtbetrages erfolgt dabei wahlweise per PayPal oder durch Bank\u00fcberweisung. Bei Wahl von Bank\u00fcberweisung senden wir Ihnen unsere Bankverbindung nach Abschlu\u00df des Bestellvorgangs per Mail zu.<\/p>\n<p> <a class=\"continue-reading-link\" href=\"https:\/\/ftl-auerbach.lima-city.de\/Hubo\/zahlungshinweise\/\"><span>Continue reading<\/span><i class=\"crycon-right-dir\"><\/i><\/a> <\/p>\n","protected":false},"author":1,"featured_media":0,"parent":0,"menu_order":0,"comment_status":"closed","ping_status":"closed","template":"","meta":[],"_links":{"self":[{"href":"https:\/\/ftl-auerbach.lima-city.de\/Hubo\/wp-json\/wp\/v2\/pages\/455"}],"collection":[{"href":"https:\/\/ftl-auerbach.lima-city.de\/Hubo\/wp-json\/wp\/v2\/pages"}],"about":[{"href":"https:\/\/ftl-auerbach.lima-city.de\/Hubo\/wp-json\/wp\/v2\/types\/page"}],"author":[{"embeddable":true,"href":"https:\/\/ftl-auerbach.lima-city.de\/Hubo\/wp-json\/wp\/v2\/users\/1"}],"replies":[{"embeddable":true,"href":"https:\/\/ftl-auerbach.lima-city.de\/Hubo\/wp-json\/wp\/v2\/comments?post=455"}],"version-history":[{"count":6,"href":"https:\/\/ftl-auerbach.lima-city.de\/Hubo\/wp-json\/wp\/v2\/pages\/455\/revisions"}],"predecessor-version":[{"id":1332,"href":"https:\/\/ftl-auerbach.lima-city.de\/Hubo\/wp-json\/wp\/v2\/pages\/455\/revisions\/1332"}],"wp:attachment":[{"href":"https:\/\/ftl-auerbach.lima-city.de\/Hubo\/wp-json\/wp\/v2\/media?parent=455"}],"curies":[{"name":"wp","href":"https:\/\/api.w.org\/{rel}","templated":true}]}}