{"id":413,"date":"2016-01-05T14:01:36","date_gmt":"2016-01-05T13:01:36","guid":{"rendered":"http:\/\/ftl-auerbach.lima-city.de\/Hubo\/?page_id=413"},"modified":"2016-01-24T14:34:04","modified_gmt":"2016-01-24T13:34:04","slug":"versandkosten","status":"publish","type":"page","link":"https:\/\/ftl-auerbach.lima-city.de\/Hubo\/versandkosten\/","title":{"rendered":"Vertrieb und Versandkosten"},"content":{"rendered":"<p>Die in unserem Online Shop angebotenen Artikel stehen nur zum Vertrieb innerhalb der Bundesrepublik Deutschland (ohne Inseln) zur Verf\u00fcgung. Ausl\u00e4ndische Kunden bitten wir, sich Zwecks Angeboterstellung mit uns in Verbindung zu setzen.<\/p>\n<p>F\u00fcr unsere Aufwendungen inklusive Porto und Verpackung fallen die folgenden zus\u00e4tzlichen Kosten (inkl. MWSt.) an:<\/p>\n<ul>\n<li>Erster Artikel 4,70\u20ac<\/li>\n<li>jeder weitere Artikel zus\u00e4tzlich 0,20\u20ac<\/li>\n<\/ul>\n<p>Die Versandkosten werden im Warenkorb zus\u00e4tzlich zu den Artikelpreisen und dem Gesamtpreis ausgewiesen. Sollten Sie mehrere Artikel bestellen wollen, so k\u00f6nnen wir Ihnen auf Anfrage hin ein spezielles Angebot unterbreiten, bei dem die Versandkosten optimiert wurden.<\/p>\n","protected":false},"excerpt":{"rendered":"<p>Die in unserem Online Shop angebotenen Artikel stehen nur zum Vertrieb innerhalb der Bundesrepublik Deutschland (ohne Inseln) zur Verf\u00fcgung. Ausl\u00e4ndische Kunden bitten wir, sich Zwecks Angeboterstellung mit uns in Verbindung zu setzen. F\u00fcr unsere Aufwendungen inklusive Porto und Verpackung fallen die folgenden zus\u00e4tzlichen Kosten (inkl. MWSt.) an: Erster Artikel 4,70\u20ac\u2026<\/p>\n<p> <a class=\"continue-reading-link\" href=\"https:\/\/ftl-auerbach.lima-city.de\/Hubo\/versandkosten\/\"><span>Continue reading<\/span><i class=\"crycon-right-dir\"><\/i><\/a> <\/p>\n","protected":false},"author":1,"featured_media":0,"parent":0,"menu_order":0,"comment_status":"closed","ping_status":"closed","template":"","meta":[],"_links":{"self":[{"href":"https:\/\/ftl-auerbach.lima-city.de\/Hubo\/wp-json\/wp\/v2\/pages\/413"}],"collection":[{"href":"https:\/\/ftl-auerbach.lima-city.de\/Hubo\/wp-json\/wp\/v2\/pages"}],"about":[{"href":"https:\/\/ftl-auerbach.lima-city.de\/Hubo\/wp-json\/wp\/v2\/types\/page"}],"author":[{"embeddable":true,"href":"https:\/\/ftl-auerbach.lima-city.de\/Hubo\/wp-json\/wp\/v2\/users\/1"}],"replies":[{"embeddable":true,"href":"https:\/\/ftl-auerbach.lima-city.de\/Hubo\/wp-json\/wp\/v2\/comments?post=413"}],"version-history":[{"count":8,"href":"https:\/\/ftl-auerbach.lima-city.de\/Hubo\/wp-json\/wp\/v2\/pages\/413\/revisions"}],"predecessor-version":[{"id":530,"href":"https:\/\/ftl-auerbach.lima-city.de\/Hubo\/wp-json\/wp\/v2\/pages\/413\/revisions\/530"}],"wp:attachment":[{"href":"https:\/\/ftl-auerbach.lima-city.de\/Hubo\/wp-json\/wp\/v2\/media?parent=413"}],"curies":[{"name":"wp","href":"https:\/\/api.w.org\/{rel}","templated":true}]}}