{"id":4,"date":"2015-11-08T18:47:59","date_gmt":"2015-11-08T18:47:59","guid":{"rendered":"http:\/\/ftl-auerbach.lima-city.de\/Hubo\/?page_id=4"},"modified":"2018-04-27T17:39:10","modified_gmt":"2018-04-27T15:39:10","slug":"agb","status":"publish","type":"page","link":"https:\/\/ftl-auerbach.lima-city.de\/Hubo\/agb\/","title":{"rendered":"AGB und Widerrufsbelehrung"},"content":{"rendered":"<p style=\"text-align: center;\"><strong>Allgemeine Gesch\u00e4ftsbedingungen (einschlie\u00dflich Widerrufsbelehrung)<br \/>\n<\/strong><\/p>\n<p style=\"text-align: center;\"><strong>$ 1 Geltungsbereich<\/strong><\/p>\n<p>1.\u00a0\u00a0 \u00a0F\u00fcr die gesch\u00e4ftlichen Beziehungen zwischen FTL \u2013 Auerbach, Inhaber Dag Auerbach und dem K\u00e4ufer (fortan Besteller genannt) gelten ausnahmslos die folgenden Allgemeinen Gesch\u00e4ftsbedingungen (fortan AGB genannt) in deren jeweils zum Zeitpunkt der Bestellung g\u00fcltigen Fassung. Weiterf\u00fchrende Einkaufsbedingungen Seitens des Bestellers erkennen wir nicht an.<br \/>\n2.\u00a0\u00a0 \u00a0Bestellungen und Lieferungen sind jeweils nur in L\u00e4nder lieferbar, welche in unseren Ausschreibungen namentlich erw\u00e4hnt sind. Kontaktieren Sie uns bitte, sofern Sie Bestellungen aus einem anderen Land t\u00e4tigen wollen.<br \/>\n3.\u00a0\u00a0 \u00a0Vorherige Fassungen der AGB verlieren mit dem Erscheinen dieser Allgemeinen Gesch\u00e4ftsbedingungen ihre G\u00fcltigkeit.<br \/>\n4.\u00a0\u00a0 \u00a0S\u00e4mtliche Angaben und Angebote betreffs Ger\u00e4te- und Produktbeschreibungen sind freibleibend. Zum Zweck der kontinuierlichen Verbesserung unserer Produkte behalten wir uns \u00c4nderungen in der Konstruktion, Ausf\u00fchrung und Fertigung vor.<\/p>\n<p>&nbsp;<\/p>\n<p style=\"text-align: center;\"><strong>$ 2 Vertragspartner<\/strong><\/p>\n<p style=\"text-align: left;\">Der Vertrag kommt zustande auf Grundlage dieser AGB zwischen dem Besteller und:<\/p>\n<p style=\"text-align: left;\">FTL \u2013 Auerbach<br \/>\nInhaber Dag Auerbach<br \/>\nSt.-Vitus-Str. 41<br \/>\n82205 Gilching<\/p>\n<p style=\"text-align: left;\">Tel.: +49 (0)176 45964329<br \/>\neMail: FTL-Auerbach@gmx.de<br \/>\nUSt-IDNr.: DE301860802<\/p>\n<p>&nbsp;<\/p>\n<p style=\"text-align: center;\"><strong>\u00a7 3 Angebot und Vertragsabschluss<\/strong><\/p>\n<p style=\"text-align: left;\">1.\u00a0\u00a0 \u00a0Mit der Unterzeichnung der Bestellung erteilt der Besteller ein bindendes Angebot. Wir k\u00f6nnen dieses Angebot innerhalb von zwei Wochen durch Zusendung einer Auftragsbest\u00e4tigung annehmen oder innerhalb dieser Frist die bestellte Ware zusenden.<br \/>\n2.\u00a0\u00a0 \u00a0Sollte der Vertragsabschlu\u00df \u00fcber Online-Handelsportale mit eigenen diesbez\u00fcglichen Regelungen erfolgen, so gelten die dort ausgewiesenen Regelungen. Insbesondere sei hier auf die besonderen Bedingungen zum Handel \u00fcber unseren Online-Shop sowie den des Auktionshauses eBay (\u00a7 11) verwiesen.<br \/>\n3.\u00a0\u00a0 \u00a0Die Vertragssprache ist Deutsch.<\/p>\n<p>&nbsp;<\/p>\n<p style=\"text-align: center;\"><strong>\u00a7 4 Preise und Zahlung<\/strong><\/p>\n<p>1.\u00a0\u00a0 \u00a0Wir weisen darauf hin, dass auf unseren Rechnungen gem\u00e4\u00df \u00a7 19 1 UStG keine Umsatzsteuer ausgewiesen wird.<br \/>\n2.\u00a0\u00a0 \u00a0Liefer- und Versandkosten sind in unseren Preisen nicht enthalten. Diese sind den jeweiligen Angeboten zu entnehmen.<br \/>\n3.\u00a0\u00a0 \u00a0Die Zahlung des Kaufpreises hat ausschlie\u00dflich \u00fcber die im Angebot ausgewiesenen Wege zu erfolgen. Ein Abzug von Skonto bedarf einer vorherigen schriftlichen Vereinbarung.<br \/>\n4.\u00a0\u00a0 \u00a0Werden, abweichend vom Angebot, vom Besteller spezifische Waren oder eine abweichende Lieferung gew\u00fcnscht, so bedarf dies ebenfalls einer vorherigen schriftlichen Vereinbarung. Kontaktieren Sie uns in solch einem Fall. Wir werden versuchen, Ihnen diesbez\u00fcglich weiterzuhelfen.<br \/>\n5.\u00a0\u00a0 \u00a0Macht der Besteller von seinem Recht auf Widerruf Gebrauch, so tr\u00e4gt er die Kosten der R\u00fccksendung.<br \/>\n6.\u00a0\u00a0 \u00a0Sofern nicht anderes vereinbart, ist der Kaufpreis vom Besteller per Vorkasse zu entrichten.<\/p>\n<p>&nbsp;<\/p>\n<p style=\"text-align: center;\"><strong>\u00a7 5 Lieferzeit und Lieferbedingungen<\/strong><\/p>\n<p>1.\u00a0\u00a0 \u00a0Es gelten die jeweils im Angebot genannten Lieferbedingungen und Lieferfristen. Weitere bzw. dar\u00fcber hinausgehende Angaben verstehen sich ausschlie\u00dflich als unverbindliche Angaben.<br \/>\n2.\u00a0\u00a0 \u00a0In der Regel wird die Ware umgehend, sp\u00e4testens jedoch nach 3 Werktagen in den Versand gebracht.<br \/>\n3.\u00a0\u00a0 \u00a0Sollten Verz\u00f6gerungen eintreten, so wird der Besteller unverz\u00fcglich davon in Kenntnis gesetzt. Im Falle eines durch uns nicht verschuldeten dauerhaften Lieferhindernisses (z.B. durch h\u00f6here Gewalt, Nichtbelieferung durch unsere Lieferanten) behalten wir uns vor, vom Vertrag zur\u00fcckzutreten, insofern ein entsprechendes Deckungsgesch\u00e4ft rechtzeitig get\u00e4tigt wurde. Bereits vom Besteller get\u00e4tigte Zahlungen werden in diesem Fall unverz\u00fcglich zur\u00fcckerstattet.<br \/>\n4.\u00a0\u00a0 \u00a0Weitere gesetzliche Anspr\u00fcche und Rechte des Bestellers wegen eines Lieferverzuges bleiben unber\u00fchrt.<\/p>\n<p>&nbsp;<\/p>\n<p style=\"text-align: center;\"><strong>\u00a7 6 Eigentumsvorbehalt<\/strong><\/p>\n<p>1.\u00a0\u00a0 \u00a0Die Ware bleibt bis zur vollst\u00e4ndigen Bezahlung unser Eigentum.<br \/>\n2.\u00a0\u00a0 \u00a0Der Besteller verpflichtet sich zur pfleglichen Behandlung der Ware, insbesondere wird er keine irreversiblen Ver\u00e4nderungen an dieser vornehmen oder diese besch\u00e4digen.<\/p>\n<p>&nbsp;<\/p>\n<p style=\"text-align: center;\"><strong>\u00a7 7 Gew\u00e4hrleistung und M\u00e4ngelhaftung<\/strong><\/p>\n<p>1.\u00a0\u00a0 \u00a0Hinsichtlich Gew\u00e4hrleistung und M\u00e4ngelhaftung gelten die gesetzlichen Regelungen.<br \/>\n2.\u00a0\u00a0 \u00a0Sollte es sich bei den Waren um gebrauchte G\u00fcter handeln und ist der Besteller nicht Verbraucher, so wird die Gew\u00e4hrleistung ausgeschlossen. Handelt es sich beim Besteller um einen Verbraucher, so betr\u00e4gt die Gew\u00e4hrleistungsfrist f\u00fcr gebrauchte Waren ein Jahr.<\/p>\n<p>&nbsp;<\/p>\n<p style=\"text-align: center;\"><strong>\u00a7 8 WIDERRUFSBELEHRUNG<\/strong><\/p>\n<p><strong>(1) WIDERRUFSRECHT<\/strong><br \/>\n<strong> 1.\u00a0\u00a0 \u00a0Sie haben das Recht innerhalb einer Frist von 14 Tagen und ohne Nennung weiterer Gr\u00fcnde vom Vertrag zur\u00fcckzutreten. Die Frist beginnt ab dem Tag, ab dem Sie oder eine von ihm erm\u00e4chtigte Person (nicht jedoch der Bef\u00f6rderer der Ware) die Ware in Ihren Besitz genommen haben bzw. hat.<\/strong><br \/>\n<strong> 2.\u00a0\u00a0 \u00a0Der Widerruf ist mittels einer eindeutigen Erkl\u00e4rung (z.B. per Brief, eMail, etc.) an die folgende Adresse zu richten:<\/strong><\/p>\n<p><strong>FTL \u2013 Auerbach<\/strong><br \/>\n<strong> Inhaber Dag Auerbach<\/strong><br \/>\n<strong> St.-Vitus-Str. 41<\/strong><br \/>\n<strong> 82205 Gilching<\/strong><\/p>\n<p><strong>eMail: FTL-Auerbach@gmx.de<\/strong><\/p>\n<p><strong>3.\u00a0\u00a0 \u00a0Zur Wahrung der Widerrufsfrist reicht die fristgerechte Absendung der Widerrufserkl\u00e4rung.<\/strong><br \/>\n<strong> 4.\u00a0\u00a0 \u00a0Sie k\u00f6nnen daf\u00fcr das beigef\u00fcgte Muster-Widerrufsformular verwenden, das jedoch nicht vorgeschrieben ist.<\/strong><\/p>\n<p><strong>(2) FOLGEN DES WIDERRUFS<\/strong><br \/>\n<strong> 1.\u00a0\u00a0 \u00a0Sollten Sie den Vertrag widerrufen, haben wir Ihnen alle Zahlungen, die wir von Ihnen erhalten haben, inklusive der Lieferkosten (mit Ausnahme der zus\u00e4tzlichen Kosten, die sich daraus ergeben, wenn Sie eine andere Art der Lieferung als die von uns angebotene, g\u00fcnstigste Standardlieferung gew\u00e4hlt hat), unverz\u00fcglich und sp\u00e4testens innerhalb von vierzehn Tagen ab dem Tag zur\u00fcckzuzahlen, zu dem die Mitteilung \u00fcber den Widerruf des Vertrags bei uns eingegangen ist. F\u00fcr diese R\u00fcckzahlung verwenden wir dasselbe Zahlungsmittel, welches Sie bei der Bezahlung eingesetzt haben. Keinesfalls werden wir Ihnen wegen dieser R\u00fcckzahlung Entgelte berechnet.<\/strong><br \/>\n<strong> 2.\u00a0\u00a0 \u00a0Eine R\u00fcckzahlung k\u00f6nnen wir solange verweigern, bis wir die Waren zur\u00fcckerhalten haben oder bis Sie den Nachweis erbracht haben, dass Sie die Waren zur\u00fcckgesandt haben, je nachdem, welches der fr\u00fchere Zeitpunkt ist.<\/strong><br \/>\n<strong> 3.\u00a0\u00a0 \u00a0Sie haben die Waren unverz\u00fcglich und in jedem Fall sp\u00e4testens innerhalb von vierzehn Tagen ab dem Tag, zu dem Sie uns \u00fcber den Widerruf dieses Vertrags unterrichtet, an uns zur\u00fcckzusenden bzw. zu \u00fcbergeben. Die Frist gilt als gewahrt, wenn die Waren vor Ablauf dieser Frist an uns abgesendet werden. Die Kosten der R\u00fccksendung der Waren tragen Sie.<\/strong><br \/>\n<strong> 4.\u00a0\u00a0 \u00a0F\u00fcr einen etwaigen Wertverlust der Waren m\u00fcssen Sie nur dann aufkommen, wenn dieser Wertverlust auf einen zur Pr\u00fcfung der Beschaffenheit, Eigenschaften und Funktionsweise der Waren nicht notwendigen Umgang mit Ihnen zur\u00fcckzuf\u00fchren ist.<\/strong><\/p>\n<p><strong>&#8211; Ende der Widerrufsbelehrung &#8211;<\/strong><\/p>\n<p><strong>(3) Muster-Widerrufsformular<\/strong><br \/>\n<strong> (Wenn Sie den Vertrag widerrufen wollen, dann f\u00fcllen Sie bitte dieses Formular aus und senden Sie es zur\u00fcck.)<\/strong><\/p>\n<p><strong>An:<\/strong><\/p>\n<p><strong>FTL \u2013 Auerbach<\/strong><br \/>\n<strong> Inhaber Dag Auerbach<\/strong><br \/>\n<strong> St.-Vitus-Str. 41<\/strong><br \/>\n<strong> 82205 Gilching<\/strong><br \/>\n<strong> eMail: FTL-Auerbach@gmx.de<\/strong><\/p>\n<p><strong>Hiermit widerrufe(n) ich\/wir (*) den von mir\/uns (*) abgeschlossenen Vertrag \u00fcber den Kauf der folgenden Waren (*)\/ die Erbringung der folgenden Dienstleistung (*):<\/strong><\/p>\n<p><strong>Bestellt am (*)\/erhalten am (*):<\/strong><br \/>\n<strong> Name des\/der Verbraucher(s):<\/strong><br \/>\n<strong> Anschrift des\/der Verbraucher(s):<\/strong><\/p>\n<p><strong>Unterschrift des\/der Verbraucher(s) (nur bei Mitteilung auf Papier):<\/strong><\/p>\n<p><strong>Datum:<\/strong><\/p>\n<p><strong>(*) Unzutreffendes streichen.<\/strong><br \/>\n<strong> &#8211; Ende des Muster-Widerrufsformulars &#8211;<\/strong><\/p>\n<p>&nbsp;<\/p>\n<p style=\"text-align: center;\"><strong>\u00a7 9 Datenschutz<\/strong><\/p>\n<p>1.\u00a0\u00a0 \u00a0Bei personenbezogenen Daten handelt es sich um Informationen, welche einer nat\u00fcrlichen Person zugeordnet werden k\u00f6nnen (z. B. Adresse, eMail, Telefonnummer).<br \/>\n2.\u00a0\u00a0 \u00a0Im Zuge der Anbahnung, des Abschlusses, der Abwicklung bzw. R\u00fcckabwicklung Gesch\u00e4ftes erheben wir Ihre Daten, speichern und verarbeiten diese. Dies erfolgt im Rahmen der gesetzlichen Bestimmungen.<br \/>\n3.\u00a0\u00a0 \u00a0Wir geben Ihre personenbezogenen Daten nur dann weiter, insofern wir dazu gesetzlich verpflichtet sind oder Sie vorher ausdr\u00fccklich dazu eingewilligt haben. Die von Ihnen im Zuge der Bestellung mitgeteilten Daten werden ausnahmslos zur Kontaktaufnahme innerhalb des Rahmens der Vertragsabwicklung und nur zu dem Zweck verarbeitet, zu dem Sie die Daten zur Verf\u00fcgung gestellt haben. Soweit wir zur Durchf\u00fchrung und Abwicklung von Verarbeitungsprozessen die Dienstleistungen Dritter in Anspruch nehmen, werden die gesetzlichen Bestimmungen eingehalten. Die Daten werden nur soweit es der auftragsgem\u00e4\u00dfen Lieferung bedarf, an das beauftragte Versandunternehmen weitergegeben. Zahlungsdaten werden nur an das mit der Zahlung beauftragte Kreditinstitut weitergegeben.<br \/>\n4.\u00a0\u00a0 \u00a0Soweit die Aufbewahrungsfristen handels- oder steuerrechtlicher Natur betreffen, kann die Speicherung dieser Daten bis zu zehn Jahre betragen.<br \/>\n5.\u00a0\u00a0 \u00a0Auf Ihren Wunsch hin, werden im Rahmen der gesetzlichen Bestimmungen Ihre personenbezogenen Daten gel\u00f6scht, korrigiert bzw. gesperrt. Sie haben das Recht auf eine unentgeltliche Auskunft der von Ihnen gespeicherten personenbezogenen Daten. Fragen und Antr\u00e4ge zur L\u00f6schung, Korrektur bzw. Sperrung Ihrer personenbezogenen Daten sowie Erhebung, Verarbeitung und Nutzung richten Sie bitte an die folgende Adresse: FTL \u2013 Auerbach, Inhaber Dag Auerbach, St.-Vitus-Str. 41, 82205 Gilching.<\/p>\n<p>&nbsp;<\/p>\n<p style=\"text-align: center;\"><strong>\u00a7 10 Besondere Bedingungen zum Handel \u00fcber unseren Online Shop<\/strong><\/p>\n<p><strong>(1) Geltungsbereich<\/strong><br \/>\n1.\u00a0\u00a0 \u00a0Die folgenden Bedingungen gelten erg\u00e4nzend, wenn ein Vertrag zwischen dem Besteller und uns \u00fcber unseren Online Shop zustande kommt.<br \/>\n2.\u00a0\u00a0 \u00a0Sollten einzelne in diesem Paragraphen ($ 10) aufgef\u00fchrte Bedingungen von den Bedingungen der anderen Paragraphen abweichen, so haben die Bedingungen dieses Paragraphen (\u00a7 10) Vorrang vor den anderen Bedingungen, wenn der Vertragsabschlu\u00df \u00fcber unseren Online Shop erfolgte.<\/p>\n<p><strong>(2) Angebot und Vertragsabschluss<\/strong><br \/>\n1.\u00a0\u00a0 \u00a0Bei den Darstellungen in unserem Online Shop handelt es sich um rechtlich bindende Angebote.<br \/>\n2.\u00a0\u00a0 \u00a0Mit der Bestellung gibt der Besteller ein verbindliches Angebot ab, einen Vertrag mit uns zu schlie\u00dfen. Es steht uns frei dieses Angebot entweder durch Zusendung einer Auftragsbest\u00e4tigung oder durch Lieferung der bestellten Ware anzunehmen.<br \/>\nUnmittelbar nach der Bestellung erh\u00e4lt der Besteller zun\u00e4chst eine Best\u00e4tigung des Eingangs der Bestellung an die von ihm angegebene eMail Adresse zugesandt. Diese enth\u00e4lt neben dem Vertragsinhalt auch unsere Bankdaten (so es sich um eine Bank\u00fcberweisung handelt), sowie unsere AGB. Zum Kaufvertrag kommt es jedoch erst durch eine Auftragsbest\u00e4tigung durch uns oder durch Zusendung der Ware.<br \/>\n3.\u00a0\u00a0 \u00a0Eine Bestellung in unserem Onlineshop beinhaltet die folgenden vier Schritte.<br \/>\nIm ersten Schritt w\u00e4hlt der Besteller die gew\u00fcnschten Produkte im Shop aus und f\u00fcgt diese dem Warenkorb hinzu. Der Warenkorb ist jederzeit \u00fcber den entsprechenden Men\u00fcpunkt des Shops erreichbar. Dort k\u00f6nnen vorgemerkte Waren auch jederzeit gel\u00f6scht werden. Ist der Warenkorb komplett, so erfolgt im zweiten Schritt \u2013 im Kassenbereich &#8211; die Eingabe der zur Vertragsdurchf\u00fchrung notwendigen Daten (Kundendaten, Rechnungs- und Lieferanschrift) durch den Besteller. An dieser Stelle mu\u00df auch die Datenschutzrichtlinie akzeptiert werden, da wir andernfalls die erhobenen Daten nicht speichern und ein Vertragsabschlu\u00df somit unm\u00f6glich ist.<br \/>\nIm dritten Schritt erfolgt die Wahl der Bezahlart (\u00dcberweisung, PayPal). Hier sind auch s\u00e4mtliche Kosten zusammengefasst. Im vierten und letzten Schritt best\u00e4tigt der Besteller seine Bestellung durch einen Klick auf den Button \u201eJetzt kostenpflichtig bestellen\u201c.<br \/>\nDer Besteller kann zu jeder Zeit den Kassenbereich verlassen oder die im Warenkorb befindlichen Artikel l\u00f6schen um den Verkaufsvorgang zu \u00e4ndern oder abzubrechen.<\/p>\n<p><strong>(3) Zahlung<\/strong><br \/>\n1.\u00a0\u00a0 \u00a0Die Zahlungsm\u00f6glichkeiten (\u00dcberweisung, PayPal) werden im Angebot beschrieben.<br \/>\n2.\u00a0\u00a0 \u00a0Die notwendigen Informationen zur Zahlungsabwicklung (Bankverbindung, PayPal Informationen) werden dem K\u00e4ufer nach der Bestellung mitgeteilt.<br \/>\n3.\u00a0\u00a0 \u00a0Sollte der K\u00e4ufer nicht \u00fcber die im Angebot verf\u00fcgbaren Zahlungsm\u00f6glichkeiten verf\u00fcgen, so darf er kein Angebot abgeben. Bei Missachtung dieses Grundsatzes behalten wir uns vor, die uns im Zuge der Stornierung entstandenen Aufw\u00e4nde entsprechend in Rechnung zu stellen.<\/p>\n<p><strong>(4) Vertragstextspeicherung<\/strong><br \/>\n1.\u00a0\u00a0 \u00a0Die \u00fcber unseren Online Shop abgeschlossenen Vertr\u00e4ge werden von uns gespeichert. Mittels der Druckfunktion des Web-Browsers kann der Vertragstext ausgedruckt werden.<br \/>\n2.\u00a0\u00a0 \u00a0Dem Besteller wird empfohlen, Ausdrucke der von uns erhaltenen eMails (Bestellbest\u00e4tigung, Auftragsbest\u00e4tigung, AGB usw.) anzufertigen und entsprechend zu sichern.<\/p>\n<p><strong>(5) Beschwerdeverfahren<\/strong><br \/>\n1.\u00a0\u00a0 \u00a0Zum Zweck der Online-Streitbeilegung gem\u00e4\u00df Art. 14 Abs. 1 ODR-VO stellt die Europ\u00e4ische Kommission eine entsprechende Plattform bereit. Diese ist unter http:\/\/ec.europa.eu\/consumers\/odr\/ zu finden.<\/p>\n<p>&nbsp;<\/p>\n<p style=\"text-align: center;\"><strong>\u00a7 11 Besondere Bedingungen zum Handel \u00fcber das Auktionshaus eBay<\/strong><\/p>\n<p><strong>(1) Geltungsbereich<\/strong><br \/>\n1.\u00a0\u00a0 \u00a0Die folgenden Bedingungen gelten erg\u00e4nzend, wenn ein Vertrag zwischen dem Besteller (fortan als eBay-K\u00e4ufer bezeichnet) und uns \u00fcber das Handelshaus eBay zustande kommt.<br \/>\n2.\u00a0\u00a0 \u00a0Sollten einzelne in diesem Paragraphen ($ 11) aufgef\u00fchrte Bedingungen von den Bedingungen der anderen Paragraphen abweichen, so haben die Bedingungen dieses Paragraphen (\u00a7 11) Vorrang vor den anderen Bedingungen, wenn der Vertragsabschlu\u00df \u00fcber eBay erfolgte.<\/p>\n<p><strong>(2) Angebot und Vertragsabschluss<\/strong><br \/>\n1.\u00a0\u00a0 \u00a0Bei den Darstellungen in den Auktionen handelt es sich um rechtlich bindende Angebote.<br \/>\n2.\u00a0\u00a0 \u00a0Mit seinem Gebot gibt der eBay-K\u00e4ufer eine verbindliche Willenserkl\u00e4rung ab. Der Vertragsschluss selbst erfolgt bei Auktionen mit dem H\u00f6chstbietenden zum Ende der Auktion oder unmittelbar mit dem Best\u00e4tigungsklick im Falle der Bet\u00e4tigung der Option \u201eSofort-Kauf\u201c. Bei der Option \u201ePreis vorschlagen\u201c erfolgt der Vertragsschluss, wenn der vom eBay-K\u00e4ufer (als bindendes neues Angebot) vorgeschlagene Preis von uns innerhalb von 48 Stunden angenommen wird. Sollten wir einen Gegenvorschlag unterbreiten, so ist dieser bindend und kann ebenfalls innerhalb von 48 Stunden vom eBay-K\u00e4ufer angenommen werden. Bis zum Zeitpunkt einer verbindlichen Einigung gilt die unabh\u00e4ngig davon einger\u00e4umte Festpreisfunktion.<br \/>\n3.\u00a0\u00a0 \u00a0Um eine Vertragserkl\u00e4rung abzugeben, muss der eBay-K\u00e4ufer auf der jeweiligen Artikelseite den Button \u201eSofort-Kaufen\u201c, \u201eBieten\u201c oder \u201ePreis-vorschlagen\u201c per Mausklick bet\u00e4tigen. Im Falle von \u201ePreis vorschlagen\u201c und \u201eBieten\u201c \u00f6ffnet sich daraufhin eine Folgeseite, in der Vorschlags- bzw. Bietpreis eingetragen werden m\u00fcssen. Durch weiteres Bet\u00e4tigen des Button \u201eWeiter\u201c bzw. sofort bei Bet\u00e4tigen des Buttons \u201eSofort-Kaufen\u201c \u00f6ffnet sich eine Seite, in der die wesentlichen Artikelangaben inklusive der anfallenden Kosten nochmals zusammengefasst sind.<br \/>\n4.\u00a0\u00a0 \u00a0Der eBay-K\u00e4ufer kann bis zu diesem Zeitpunkt seine Eingaben korrigieren bzw. von der Vertragserkl\u00e4rung Abstand nehmen. Erst ein folgendes Bet\u00e4tigen der Buttons \u201eKaufen\u201c, \u201eGebot best\u00e4tigen\u201c oder \u201ePreisvorschlag best\u00e4tigen\u201c f\u00fchrt zu einer verbindlichen Vertragserkl\u00e4rung.<\/p>\n<p><strong>(3) Zahlung<\/strong><br \/>\n1.\u00a0\u00a0 \u00a0Die Zahlungsm\u00f6glichkeiten (\u00dcberweisung, PayPal) werden im Angebot beschrieben.<br \/>\n2.\u00a0\u00a0 \u00a0Die notwendigen Informationen zur Zahlungsabwicklung (Bankverbindung, PayPal Informationen) werden dem eBay-K\u00e4ufer nach Vertragsabschlu\u00df mitgeteilt.<br \/>\n3.\u00a0\u00a0 \u00a0Sollte der eBay-K\u00e4ufer nicht \u00fcber die im Angebot verf\u00fcgbaren Zahlungsm\u00f6glichkeiten verf\u00fcgen, so darf er kein Angebot abgeben. Bei Missachtung dieses Grundsatzes behalten wir uns vor, die uns im Zuge der Stornierung entstandenen Aufw\u00e4nde entsprechend in Rechnung zu stellen.<\/p>\n<p><strong>(4) Vertragstextspeicherung<\/strong><br \/>\n1.\u00a0\u00a0 \u00a0Mittels der Druckfunktion des Web-Browsers kann eine Website (und damit der Vertragstext) ausgedruckt werden. Nachdem wir keinen Einfluss auf die Dauer der Speicherung Seitens eBay haben, wird empfohlen, den Vertragstext des Angebotes durch Ausdruck zu sichern. Im \u00dcbrigen wird der Vertragstext nicht von uns gespeichert und nach 90 Tagen bei eBay von deren Servern gel\u00f6scht. Eine weitergehende Speicherung in wiedergabef\u00e4higer Form bietet eBay leider nicht an. Sollten der eBay-K\u00e4ufer dies w\u00fcnschen so empfehlen wir die Seite per Screenshot oder durch Umwandlung in ein entsprechendes pdf Dokument zu sichern.<\/p>\n<p><strong>(5) Datenschutzinformationen<\/strong><br \/>\n1.\u00a0\u00a0 \u00a0Nach einem Vertragsschluss \u00fcbermittelt eBay im Sinne der weiteren Vertragserf\u00fcllung die vom eBay-K\u00e4ufer hinterlegten personenbezogenen Daten (Name und Adresse) an uns.<br \/>\n2.\u00a0\u00a0 \u00a0Die Erhebung dieser Daten erfolgt ausschlie\u00dflich zur Erf\u00fcllung unserer Gesch\u00e4ftszwecke im Rahmen des geschlossenen Vertragsverh\u00e4ltnisses.<\/p>\n<p><strong>(6) Beschwerdeverfahren<\/strong><br \/>\n1.\u00a0\u00a0 \u00a0Zum Zweck der Online-Streitbeilegung (OS) gem\u00e4\u00df Art. 14 Abs. 1 ODR-VO stellt die Europ\u00e4ische Kommission eine entsprechende Plattform bereit. Diese ist unter http:\/\/ec.europa.eu\/consumers\/odr\/ zu finden.<\/p>\n<p><strong>(7) Allgemeine Hinweise<\/strong><br \/>\n1.\u00a0\u00a0 \u00a0Der eBay-K\u00e4ufer wird darauf hingewiesen, dass das Auktionshaus eBay \u00fcber eigene AGB und Datenschutzinformationen verf\u00fcgt. Diese k\u00f6nnen am unteren Ende der Web-Seiten eBays aufgerufen werden. Im \u00dcbrigen anerkennt der eBay-K\u00e4ufer diese Regelungen.<\/p>\n<p>&nbsp;<\/p>\n<p style=\"text-align: center;\"><strong>\u00a7 12 Sonstiges<\/strong><\/p>\n<p>1.\u00a0\u00a0 \u00a0Dieser Vertrag und die gesamten Rechtsbeziehungen der Parteien unterliegen dem Recht der Bundesrepublik Deutschland.<br \/>\n2.\u00a0\u00a0 \u00a0Ist der Besteller nicht Verbraucher, so ist der Gerichtsstand Sitz unserer Gesch\u00e4ftsstelle.<br \/>\n3.\u00a0\u00a0 \u00a0Sollten einzelne Bestimmungen dieses Vertrages ganz oder teilweise unwirksam, l\u00fcckenhaft, nicht durchf\u00fchrbar oder fehlerhaft sein oder zu einem sp\u00e4teren Zeitpunkt werden, so bleiben die \u00fcbrigen Bestimmungen hiervon unber\u00fchrt. Das Gleiche gilt, wenn sich in dieser Vereinbarung eine Regelungsl\u00fccke herausstellen sollte. Anstelle der unwirksamen oder undurchf\u00fchrbaren Bestimmung oder zur Ausf\u00fcllung der L\u00fccke soll eine angemessene Regelung gelten, die, soweit rechtlich m\u00f6glich, dem am N\u00e4chsten kommt, was die Vertragspartner nach dem Sinn und Zweck der Vereinbarung gewollt h\u00e4tten, sofern sie den entsprechenden Aspekt bedacht h\u00e4tten.<\/p>\n<p>&nbsp;<\/p>\n<div class=\"woocommerce woocommerce-gzd woocommerce-gzd-complaints-shortcode\">\n    <h3>Alternative Streitbeilegung gem\u00e4\u00df Art. 14 Abs. 1 ODR-VO und \u00a7 36 VSBG:<\/h3>\n\n<p>Die Europ\u00e4ische Kommission stellt eine Plattform zur Online-Streitbeilegung (OS) bereit, die Sie unter <a href=\"https:\/\/ec.europa.eu\/consumers\/odr\" target=\"_blank\">https:\/\/ec.europa.eu\/consumers\/odr<\/a> finden. Zur Teilnahme an einem Streitbeilegungsverfahren vor einer Verbraucherschlichtungsstelle sind wir nicht verpflichtet und nicht bereit.<\/p>\n<\/div>\n","protected":false},"excerpt":{"rendered":"<p>Allgemeine Gesch\u00e4ftsbedingungen (einschlie\u00dflich Widerrufsbelehrung) $ 1 Geltungsbereich 1.\u00a0\u00a0 \u00a0F\u00fcr die gesch\u00e4ftlichen Beziehungen zwischen FTL \u2013 Auerbach, Inhaber Dag Auerbach und dem K\u00e4ufer (fortan Besteller genannt) gelten ausnahmslos die folgenden Allgemeinen Gesch\u00e4ftsbedingungen (fortan AGB genannt) in deren jeweils zum Zeitpunkt der Bestellung g\u00fcltigen Fassung. Weiterf\u00fchrende Einkaufsbedingungen Seitens des Bestellers erkennen wir\u2026<\/p>\n<p> <a class=\"continue-reading-link\" href=\"https:\/\/ftl-auerbach.lima-city.de\/Hubo\/agb\/\"><span>Continue reading<\/span><i class=\"crycon-right-dir\"><\/i><\/a> <\/p>\n","protected":false},"author":1,"featured_media":0,"parent":0,"menu_order":0,"comment_status":"closed","ping_status":"closed","template":"","meta":[],"_links":{"self":[{"href":"https:\/\/ftl-auerbach.lima-city.de\/Hubo\/wp-json\/wp\/v2\/pages\/4"}],"collection":[{"href":"https:\/\/ftl-auerbach.lima-city.de\/Hubo\/wp-json\/wp\/v2\/pages"}],"about":[{"href":"https:\/\/ftl-auerbach.lima-city.de\/Hubo\/wp-json\/wp\/v2\/types\/page"}],"author":[{"embeddable":true,"href":"https:\/\/ftl-auerbach.lima-city.de\/Hubo\/wp-json\/wp\/v2\/users\/1"}],"replies":[{"embeddable":true,"href":"https:\/\/ftl-auerbach.lima-city.de\/Hubo\/wp-json\/wp\/v2\/comments?post=4"}],"version-history":[{"count":21,"href":"https:\/\/ftl-auerbach.lima-city.de\/Hubo\/wp-json\/wp\/v2\/pages\/4\/revisions"}],"predecessor-version":[{"id":1333,"href":"https:\/\/ftl-auerbach.lima-city.de\/Hubo\/wp-json\/wp\/v2\/pages\/4\/revisions\/1333"}],"wp:attachment":[{"href":"https:\/\/ftl-auerbach.lima-city.de\/Hubo\/wp-json\/wp\/v2\/media?parent=4"}],"curies":[{"name":"wp","href":"https:\/\/api.w.org\/{rel}","templated":true}]}}