{"id":224,"date":"2015-11-30T20:53:46","date_gmt":"2015-11-30T20:53:46","guid":{"rendered":"http:\/\/ftl-auerbach.lima-city.de\/Hubo\/?page_id=224"},"modified":"2018-04-27T09:04:28","modified_gmt":"2018-04-27T07:04:28","slug":"technische-dokumentation-und-sicherheitshinweise","status":"publish","type":"page","link":"https:\/\/ftl-auerbach.lima-city.de\/Hubo\/download-pages\/technische-dokumentation-und-sicherheitshinweise\/","title":{"rendered":"Technische Dokumentation und Sicherheitshinweise"},"content":{"rendered":"<p>Die technische Dokumentation enth\u00e4lt die folgenden Informationen:<\/p>\n<ul>\n<li>\u00dcbersicht der technischen Daten der Varianten des Hubo<\/li>\n<li>St\u00fccklisten und Schaltpl\u00e4ne<\/li>\n<li>Aufbauanleitungen mit Bildern untermalt<\/li>\n<li>Inbetriebnahmehinweise und Schaltungsbeispiele<\/li>\n<li>einf\u00fchrende Hinweise in die Programmierung in Python und die Hubo C++ Library<\/li>\n<li>Tips zu n\u00fctzlichen Erg\u00e4nzungen zum Hubo<\/li>\n<li>Sicherheitshinweise zum Betrieb des Hubo<\/li>\n<\/ul>\n<p>Bitte lesen Sie die technische Dokumentation vor dem Zusammenbau und Betrieb des Hubo. Sie k\u00f6nnen diese \u00fcber den folgenden Link herunterladen:<\/p>\n<p>Link zum Dokument <a href=\"http:\/\/ftl-auerbach.lima-city.de\/Hubo\/Dokumentation\/Hubo_Technische_Dokumentation_und_Sicherheitshinweise.pdf\" target=\"_blank\" rel=\"noopener\">Technische Dokumentation und Sicherheitshinweise.<\/a><\/p>\n<p>Link zu den <a href=\"http:\/\/ftl-auerbach.lima-city.de\/Hubo\/download\/1296\/\" rel=\"noopener\">Schaltpl\u00e4nen<\/a> der verschiedenen Varianten des Hubo.<\/p>\n","protected":false},"excerpt":{"rendered":"<p>Die technische Dokumentation enth\u00e4lt die folgenden Informationen: \u00dcbersicht der technischen Daten der Varianten des Hubo St\u00fccklisten und Schaltpl\u00e4ne Aufbauanleitungen mit Bildern untermalt Inbetriebnahmehinweise und Schaltungsbeispiele einf\u00fchrende Hinweise in die Programmierung in Python und die Hubo C++ Library Tips zu n\u00fctzlichen Erg\u00e4nzungen zum Hubo Sicherheitshinweise zum Betrieb des Hubo Bitte lesen\u2026<\/p>\n<p> <a class=\"continue-reading-link\" href=\"https:\/\/ftl-auerbach.lima-city.de\/Hubo\/download-pages\/technische-dokumentation-und-sicherheitshinweise\/\"><span>Continue reading<\/span><i class=\"crycon-right-dir\"><\/i><\/a> <\/p>\n","protected":false},"author":1,"featured_media":0,"parent":173,"menu_order":0,"comment_status":"closed","ping_status":"closed","template":"","meta":[],"_links":{"self":[{"href":"https:\/\/ftl-auerbach.lima-city.de\/Hubo\/wp-json\/wp\/v2\/pages\/224"}],"collection":[{"href":"https:\/\/ftl-auerbach.lima-city.de\/Hubo\/wp-json\/wp\/v2\/pages"}],"about":[{"href":"https:\/\/ftl-auerbach.lima-city.de\/Hubo\/wp-json\/wp\/v2\/types\/page"}],"author":[{"embeddable":true,"href":"https:\/\/ftl-auerbach.lima-city.de\/Hubo\/wp-json\/wp\/v2\/users\/1"}],"replies":[{"embeddable":true,"href":"https:\/\/ftl-auerbach.lima-city.de\/Hubo\/wp-json\/wp\/v2\/comments?post=224"}],"version-history":[{"count":12,"href":"https:\/\/ftl-auerbach.lima-city.de\/Hubo\/wp-json\/wp\/v2\/pages\/224\/revisions"}],"predecessor-version":[{"id":1299,"href":"https:\/\/ftl-auerbach.lima-city.de\/Hubo\/wp-json\/wp\/v2\/pages\/224\/revisions\/1299"}],"up":[{"embeddable":true,"href":"https:\/\/ftl-auerbach.lima-city.de\/Hubo\/wp-json\/wp\/v2\/pages\/173"}],"wp:attachment":[{"href":"https:\/\/ftl-auerbach.lima-city.de\/Hubo\/wp-json\/wp\/v2\/media?parent=224"}],"curies":[{"name":"wp","href":"https:\/\/api.w.org\/{rel}","templated":true}]}}