{"id":193,"date":"2015-11-29T23:04:54","date_gmt":"2015-11-29T23:04:54","guid":{"rendered":"http:\/\/ftl-auerbach.lima-city.de\/Hubo\/?page_id=193"},"modified":"2020-01-18T22:18:34","modified_gmt":"2020-01-18T21:18:34","slug":"hubo-library-installer","status":"publish","type":"page","link":"https:\/\/ftl-auerbach.lima-city.de\/Hubo\/download-pages\/hubo-library-installer\/","title":{"rendered":"Hubo-Library- Fhem- &#038; openHAB &#8211; Installer"},"content":{"rendered":"<p><span style=\"color: #ff0000;\">Wir empfehlen, vor einer Installation eine Sicherungskopie Ihrer bestehenden Linux Installation vorzunehmen. <\/span><\/p>\n<p><strong>Verf\u00fcgbare Installer f\u00fcr Raspberry- und Banana Pi<br \/>\n<\/strong><\/p>\n<p>Es stehen drei Installer zur Verf\u00fcgung. Der <strong>Hubo-Library<\/strong> Installer besteht aus der Hubo C++ Library, deren Dokumentation und Beispielprogrammen (C++ und Python). Verwenden Sie den Hubo-Library Installer, wenn Sie eine bestehende Raspbian Installation (z.B. Stretch oder Jessie) um die Hubo-Library und deren Beispiele erweitern wollen. Desweiteren finden Sie jeweils eigene Installer zur Installation eines <strong>Fhem<\/strong>&#8211; bzw. <strong>openHAB<\/strong>-Servers. Beachten Sie bitte, da\u00df Raspberry Pi und Banana Pi jeweils getrennte Installer besitzen.<\/p>\n<p>&nbsp;<\/p>\n<p><strong>Raspberry Pi<\/strong><\/p>\n<ul>\n<li>Hubo C++ Library Installation: <em>~\/HuboInstall\/.\/install (<\/em>Weiterf\u00fchrende Hilfe zur Installation und zum DeviceTree finden Sie in der Dokumentation unter<em> <em>~\/Documentation\/index.html)<\/em>.<\/em><\/li>\n<li>Fhem Installation: <em>~\/Fhem\/<\/em><em>.\/install<\/em><\/li>\n<li>openHAB Installation: <em>~\/openHAB\/<\/em><em>.\/install<\/em><\/li>\n<\/ul>\n<p><strong>Banana Pi<\/strong><\/p>\n<ul>\n<li>Hubo C++ Library Installation: <em>~\/HuboInstall\/.\/<strong>bpi_<\/strong>install<\/em><\/li>\n<li>Fhem Installation: <em>~\/Fhem\/<\/em><em>.\/<strong>bpi_<\/strong>install<\/em><\/li>\n<li>openHAB Installation: <em>~\/openHAB\/<\/em><em>.\/<strong>bpi_<\/strong>install<\/em><\/li>\n<\/ul>\n<p>&nbsp;<\/p>\n<p>Laden Sie die neuste Release <a href=\"http:\/\/ftl-auerbach.lima-city.de\/Hubo\/download\/1262\/\" rel=\"noopener\">&#8222;Hubo-Library Distribution f\u00fcr Raspberry- und Banana Pi inkl. der Installer f\u00fcr Fhem und openHAB&#8220;<\/a> hier herunter.<\/p>\n<p>Eine Vorschau auf die n\u00e4chste Version k\u00f6nnen Sie <a href=\"http:\/\/ftl-auerbach.lima-city.de\/Hubo\/download\/1265\/\" rel=\"noopener\">&gt;&gt;&gt; hier &lt;&lt;&lt;<\/a> herunterladen.<\/p>\n<p><span style=\"color: #ff0000;\">Aufgrund technischer Probleme kann es derzeit zu St\u00f6rungen beim Entpacken kommen. Weichen Sie dann auf einen Packer wie 7zip aus oder wenden Sie sich an uns Zwecks Zusendung der Bibliotheken.<\/span><\/p>\n<p>Bitte beachten Sie unsere <a href=\"http:\/\/ftl-auerbach.lima-city.de\/Hubo\/?p=173\">Nutzungsbedingungen zur unentgeltlichen \u00dcberlassung von Software<\/a> sowie unsere <a href=\"http:\/\/ftl-auerbach.lima-city.de\/Hubo\/?p=8\">Datenschutzrichtlinie<\/a>.<\/p>\n","protected":false},"excerpt":{"rendered":"<p>Wir empfehlen, vor einer Installation eine Sicherungskopie Ihrer bestehenden Linux Installation vorzunehmen. Verf\u00fcgbare Installer f\u00fcr Raspberry- und Banana Pi Es stehen drei Installer zur Verf\u00fcgung. Der Hubo-Library Installer besteht aus der Hubo C++ Library, deren Dokumentation und Beispielprogrammen (C++ und Python). Verwenden Sie den Hubo-Library Installer, wenn Sie eine bestehende\u2026<\/p>\n<p> <a class=\"continue-reading-link\" href=\"https:\/\/ftl-auerbach.lima-city.de\/Hubo\/download-pages\/hubo-library-installer\/\"><span>Continue reading<\/span><i class=\"crycon-right-dir\"><\/i><\/a> <\/p>\n","protected":false},"author":1,"featured_media":0,"parent":173,"menu_order":0,"comment_status":"closed","ping_status":"closed","template":"","meta":[],"_links":{"self":[{"href":"https:\/\/ftl-auerbach.lima-city.de\/Hubo\/wp-json\/wp\/v2\/pages\/193"}],"collection":[{"href":"https:\/\/ftl-auerbach.lima-city.de\/Hubo\/wp-json\/wp\/v2\/pages"}],"about":[{"href":"https:\/\/ftl-auerbach.lima-city.de\/Hubo\/wp-json\/wp\/v2\/types\/page"}],"author":[{"embeddable":true,"href":"https:\/\/ftl-auerbach.lima-city.de\/Hubo\/wp-json\/wp\/v2\/users\/1"}],"replies":[{"embeddable":true,"href":"https:\/\/ftl-auerbach.lima-city.de\/Hubo\/wp-json\/wp\/v2\/comments?post=193"}],"version-history":[{"count":34,"href":"https:\/\/ftl-auerbach.lima-city.de\/Hubo\/wp-json\/wp\/v2\/pages\/193\/revisions"}],"predecessor-version":[{"id":1520,"href":"https:\/\/ftl-auerbach.lima-city.de\/Hubo\/wp-json\/wp\/v2\/pages\/193\/revisions\/1520"}],"up":[{"embeddable":true,"href":"https:\/\/ftl-auerbach.lima-city.de\/Hubo\/wp-json\/wp\/v2\/pages\/173"}],"wp:attachment":[{"href":"https:\/\/ftl-auerbach.lima-city.de\/Hubo\/wp-json\/wp\/v2\/media?parent=193"}],"curies":[{"name":"wp","href":"https:\/\/api.w.org\/{rel}","templated":true}]}}