{"id":179,"date":"2015-11-29T18:57:55","date_gmt":"2015-11-29T18:57:55","guid":{"rendered":"http:\/\/ftl-auerbach.lima-city.de\/Hubo\/?page_id=179"},"modified":"2018-05-19T13:16:47","modified_gmt":"2018-05-19T11:16:47","slug":"linux-images","status":"publish","type":"page","link":"https:\/\/ftl-auerbach.lima-city.de\/Hubo\/download-pages\/linux-images\/","title":{"rendered":"Linux Images"},"content":{"rendered":"<p>Raspbian ist ein auf Debian basierendes Linux-Derivat f\u00fcr Raspberry und Banana Pi. Mit &#8222;Raspbian for Hubo&#8220; stellen wir Ihnen ein f\u00fcr den Hubo vorkonfiguriertes Image Raspbians zur Verf\u00fcgung. Spielen Sie das Image auf eine SD-Karte auf und starten Sie ohne weitere Konfiguration.<\/p>\n<p>S\u00e4mtliche C++ Demoprogramme liegen vorkompiliert vor und lassen sich unmittelbar starten. Auch die Python Demoprogramme k\u00f6nnen unmittelbar gestartet werden. Mittels dieses Images wird die Inbetriebnahme der Hubo-Hardware zum Kinderspiel, da s\u00e4mtliche Treiberkomponenten bereits vorinstalliert sind. Sowohl der Fhem-Server, als auch ssh- und Samba-Server sind eingerichtet, womit der Remotezugriff auf den Hubo sowie der Dateizugriff von nicht-Linux Systemen erleichtert wird.<\/p>\n<p>&nbsp;<\/p>\n<p><strong>Raspberry Pi<\/strong><\/p>\n<ul>\n<li>Logindaten (gilt f\u00fcr ssh- und Samba-Server) : Benutzername: <em>pi, <\/em>Passwort: <em>raspberry<\/em><\/li>\n<li>IP: 192.168.0.60<\/li>\n<li>Hardwarekompatibilit\u00e4t: Modelle &#8222;Zero&#8220;, &#8222;A+&#8220;, &#8222;B&#8220;, &#8222;B+&#8220;, &#8222;2 Model B&#8220;, &#8222;3 Model B&#8220;, &#8222;3 Model B+&#8220;<\/li>\n<li><a href=\"mailto:FTL-Auerbach@gmx.de?subject=Anfrage%20zum%20Raspbian-Image\">Wenden Sie sich an uns<\/a>, falls Sie Interesse an <span style=\"color: #0000ff;\">Raspbian Lite for Hubo<\/span> besitzen.<\/li>\n<\/ul>\n<p>&nbsp;<\/p>\n<p><strong>Banana Pi<\/strong><\/p>\n<ul>\n<li>Logindaten (gilt f\u00fcr ssh- und Samba-Server) : Benutzername: <em>pi, <\/em>Passwort: <em>bananapi<\/em><\/li>\n<li>IP: DHCP und 192.168.0.61<\/li>\n<li>Hardwarekompatibilit\u00e4t: Modelle &#8222;M2+&#8220;, &#8222;M2+ EDU&#8220;<\/li>\n<li><a href=\"mailto:FTL-Auerbach@gmx.de?subject=Anfrage%20zum%20BPI-Image\">Wenden Sie sich an uns<\/a>, falls Sie Interesse an <span style=\"color: #0000ff;\">BPI M2+ Jessie for Hubo<\/span> besitzen.<\/li>\n<\/ul>\n<p>&nbsp;<\/p>\n<p>Bitte beachten Sie unsere <a href=\"http:\/\/ftl-auerbach.lima-city.de\/Hubo\/?p=173\">Nutzungsbedingungen zur unentgeltlichen \u00dcberlassung von Software<\/a> sowie unsere <a href=\"http:\/\/ftl-auerbach.lima-city.de\/Hubo\/?p=8\">Datenschutzrichtlinie<\/a>.<\/p>\n<p><em>Debian ist ein eingetragenes Warenzeichen der Software in the Public Interest, Inc. (SPI). Linux ist eingetragenes Warenzeichen von Linus Torvalds.<br \/>\n<\/em><\/p>\n","protected":false},"excerpt":{"rendered":"<p>Raspbian ist ein auf Debian basierendes Linux-Derivat f\u00fcr Raspberry und Banana Pi. Mit &#8222;Raspbian for Hubo&#8220; stellen wir Ihnen ein f\u00fcr den Hubo vorkonfiguriertes Image Raspbians zur Verf\u00fcgung. Spielen Sie das Image auf eine SD-Karte auf und starten Sie ohne weitere Konfiguration. S\u00e4mtliche C++ Demoprogramme liegen vorkompiliert vor und lassen\u2026<\/p>\n<p> <a class=\"continue-reading-link\" href=\"https:\/\/ftl-auerbach.lima-city.de\/Hubo\/download-pages\/linux-images\/\"><span>Continue reading<\/span><i class=\"crycon-right-dir\"><\/i><\/a> <\/p>\n","protected":false},"author":1,"featured_media":0,"parent":173,"menu_order":0,"comment_status":"closed","ping_status":"closed","template":"","meta":[],"_links":{"self":[{"href":"https:\/\/ftl-auerbach.lima-city.de\/Hubo\/wp-json\/wp\/v2\/pages\/179"}],"collection":[{"href":"https:\/\/ftl-auerbach.lima-city.de\/Hubo\/wp-json\/wp\/v2\/pages"}],"about":[{"href":"https:\/\/ftl-auerbach.lima-city.de\/Hubo\/wp-json\/wp\/v2\/types\/page"}],"author":[{"embeddable":true,"href":"https:\/\/ftl-auerbach.lima-city.de\/Hubo\/wp-json\/wp\/v2\/users\/1"}],"replies":[{"embeddable":true,"href":"https:\/\/ftl-auerbach.lima-city.de\/Hubo\/wp-json\/wp\/v2\/comments?post=179"}],"version-history":[{"count":40,"href":"https:\/\/ftl-auerbach.lima-city.de\/Hubo\/wp-json\/wp\/v2\/pages\/179\/revisions"}],"predecessor-version":[{"id":1355,"href":"https:\/\/ftl-auerbach.lima-city.de\/Hubo\/wp-json\/wp\/v2\/pages\/179\/revisions\/1355"}],"up":[{"embeddable":true,"href":"https:\/\/ftl-auerbach.lima-city.de\/Hubo\/wp-json\/wp\/v2\/pages\/173"}],"wp:attachment":[{"href":"https:\/\/ftl-auerbach.lima-city.de\/Hubo\/wp-json\/wp\/v2\/media?parent=179"}],"curies":[{"name":"wp","href":"https:\/\/api.w.org\/{rel}","templated":true}]}}