{"id":17,"date":"2015-11-08T19:07:04","date_gmt":"2015-11-08T19:07:04","guid":{"rendered":"http:\/\/ftl-auerbach.lima-city.de\/Hubo\/?page_id=17"},"modified":"2020-06-26T20:38:11","modified_gmt":"2020-06-26T18:38:11","slug":"hubo-1-10","status":"publish","type":"page","link":"https:\/\/ftl-auerbach.lima-city.de\/Hubo\/hubo-hardware\/hubo-1-10\/","title":{"rendered":"Hubo 1.11"},"content":{"rendered":"<p><strong>Hubo Maxi Rev. 1.11 &#8211; f\u00fcr gehobene Anspr\u00fcche<\/strong><\/p>\n<div id=\"attachment_117\" style=\"width: 310px\" class=\"wp-caption alignright\"><a href=\"http:\/\/ftl-auerbach.lima-city.de\/Hubo\/wp-content\/uploads\/2015\/11\/Hubo_Rev._1.11.00_ohne_Rahmen.jpg\"><img aria-describedby=\"caption-attachment-117\" loading=\"lazy\" class=\"wp-image-117 size-medium\" src=\"http:\/\/ftl-auerbach.lima-city.de\/Hubo\/wp-content\/uploads\/2015\/11\/Hubo_Rev._1.11.00_ohne_Rahmen-300x256.jpg\" alt=\"Raspberry Pi IO Board Hubo Maxi Rev. 1.11\" width=\"300\" height=\"256\" \/><\/a><p id=\"caption-attachment-117\" class=\"wp-caption-text\">Hubo Rev. 1.11<\/p><\/div>\n<p>Die Hardware Revision 1.11 bietet die folgenden Funktionen:<\/p>\n<ul>\n<li>8 x analoge Eing\u00e4nge und 12 Bit Aufl\u00f6sung (entspricht 0,61mV)<\/li>\n<li>8 x digitale Eing\u00e4nge<\/li>\n<li>4 x digitale Relaisausg\u00e4nge 5A 250VAC<\/li>\n<li>3 (4) x Open Collector Ausg\u00e4nge 500mA\/50V (bei Verzicht auf den 1wire Ausgang stehen 4 Open Collector Ausg\u00e4nge zur Verf\u00fcgung)<\/li>\n<li>1 x 1wire Ausgang<\/li>\n<li>1 x Steckoption f\u00fcr Real Time Clock Modul DS3231<\/li>\n<li>1 x Steckoption f\u00fcr 8 Kanal Lastrelaiskarte 10A, 250VAC<\/li>\n<li>1 x I2C Ausgang zur Kaskadierung weiterer Module<\/li>\n<li>Option zur Nachr\u00fcstung eines 433MHz Sendemoduls<\/li>\n<li>Polyfuse Sicherung gegen Kurzschl\u00fcsse<\/li>\n<li>\u00dcberspannungsschutz des 1wire Buses<\/li>\n<li>Varistorbest\u00fcckoption zum Schutz der Relaiskontakte<\/li>\n<li>ausbauf\u00e4hig um 3 weitere Module mittels Kaskadierung per Flachbandkabel oder \u00fcber die Schraubklemmen<\/li>\n<li>auch erh\u00e4ltlich in der Einstiegsversio<span style=\"color: #000000;\">n &#8222;Hubo Digital&#8220; oh<\/span>ne Analogteil<\/li>\n<li>kompatibel zu den Rasperry Pi Modellen Zero, A+, B, B+, 2 Model B, 3 Model B und 4 Model B<\/li>\n<\/ul>\n<p>Die empfindlichen Schaltkreise des Hubo sind gesockelt, um sie im Bedarfsfall schnell austauschen zu k\u00f6nnen.<\/p>\n<p>Einen allgemeinen \u00dcberblick \u00fcber die verschiedenen Hardwarevarianten Hubos finden sie <a href=\"http:\/\/ftl-auerbach.lima-city.de\/Hubo\/?p=15\">hier<\/a>.<\/p>\n<p>Ein Blick in die <a href=\"http:\/\/ftl-auerbach.lima-city.de\/Hubo\/Dokumentation\/Hubo_Technische_Dokumentation_und_Sicherheitshinweise.pdf\" target=\"_blank\" rel=\"noopener noreferrer\">technische Dokumentation<\/a> gibt Hilfestellungen f\u00fcr den Zusammenbau, die Inbetriebnahme und verr\u00e4t praktische Tips zur Verkabelung von Sensoren und Bussystemen.<\/p>\n","protected":false},"excerpt":{"rendered":"<p>Hubo Maxi Rev. 1.11 &#8211; f\u00fcr gehobene Anspr\u00fcche Die Hardware Revision 1.11 bietet die folgenden Funktionen: 8 x analoge Eing\u00e4nge und 12 Bit Aufl\u00f6sung (entspricht 0,61mV) 8 x digitale Eing\u00e4nge 4 x digitale Relaisausg\u00e4nge 5A 250VAC 3 (4) x Open Collector Ausg\u00e4nge 500mA\/50V (bei Verzicht auf den 1wire Ausgang stehen\u2026<\/p>\n<p> <a class=\"continue-reading-link\" href=\"https:\/\/ftl-auerbach.lima-city.de\/Hubo\/hubo-hardware\/hubo-1-10\/\"><span>Continue reading<\/span><i class=\"crycon-right-dir\"><\/i><\/a> <\/p>\n","protected":false},"author":1,"featured_media":0,"parent":15,"menu_order":0,"comment_status":"closed","ping_status":"closed","template":"","meta":[],"_links":{"self":[{"href":"https:\/\/ftl-auerbach.lima-city.de\/Hubo\/wp-json\/wp\/v2\/pages\/17"}],"collection":[{"href":"https:\/\/ftl-auerbach.lima-city.de\/Hubo\/wp-json\/wp\/v2\/pages"}],"about":[{"href":"https:\/\/ftl-auerbach.lima-city.de\/Hubo\/wp-json\/wp\/v2\/types\/page"}],"author":[{"embeddable":true,"href":"https:\/\/ftl-auerbach.lima-city.de\/Hubo\/wp-json\/wp\/v2\/users\/1"}],"replies":[{"embeddable":true,"href":"https:\/\/ftl-auerbach.lima-city.de\/Hubo\/wp-json\/wp\/v2\/comments?post=17"}],"version-history":[{"count":20,"href":"https:\/\/ftl-auerbach.lima-city.de\/Hubo\/wp-json\/wp\/v2\/pages\/17\/revisions"}],"predecessor-version":[{"id":1535,"href":"https:\/\/ftl-auerbach.lima-city.de\/Hubo\/wp-json\/wp\/v2\/pages\/17\/revisions\/1535"}],"up":[{"embeddable":true,"href":"https:\/\/ftl-auerbach.lima-city.de\/Hubo\/wp-json\/wp\/v2\/pages\/15"}],"wp:attachment":[{"href":"https:\/\/ftl-auerbach.lima-city.de\/Hubo\/wp-json\/wp\/v2\/media?parent=17"}],"curies":[{"name":"wp","href":"https:\/\/api.w.org\/{rel}","templated":true}]}}