{"id":1466,"date":"2019-08-17T08:50:15","date_gmt":"2019-08-17T06:50:15","guid":{"rendered":"http:\/\/ftl-auerbach.lima-city.de\/Hubo\/?page_id=1466"},"modified":"2019-08-17T11:55:23","modified_gmt":"2019-08-17T09:55:23","slug":"servo-ueberlastschutz","status":"publish","type":"page","link":"https:\/\/ftl-auerbach.lima-city.de\/Hubo\/modellbau\/servo-ueberlastschutz\/","title":{"rendered":"Servo \u00dcberlastschutz"},"content":{"rendered":"<p><strong>Servo \u00dcberlastschutz &#8211; die selbstr\u00fcckstellene Sicherung f\u00fcr Modellbau Servos<br \/>\n<\/strong><\/p>\n<div id=\"attachment_1477\" style=\"width: 310px\" class=\"wp-caption alignright\"><a href=\"http:\/\/ftl-auerbach.lima-city.de\/Hubo\/wp-content\/uploads\/2019\/08\/FusePlatineBestueckt.jpg\" rel=\"attachment wp-att-1045\"><img aria-describedby=\"caption-attachment-1477\" loading=\"lazy\" class=\"wp-image-1477 size-medium\" src=\"http:\/\/ftl-auerbach.lima-city.de\/Hubo\/wp-content\/uploads\/2019\/08\/FusePlatineBestueckt-300x225.jpg\" alt=\"Servosicherung mit best\u00fcckten SMD-Sicherungen und Anschlu\u00dfkabeln\" width=\"300\" height=\"225\" srcset=\"https:\/\/ftl-auerbach.lima-city.de\/Hubo\/wp-content\/uploads\/2019\/08\/FusePlatineBestueckt-300x225.jpg 300w, https:\/\/ftl-auerbach.lima-city.de\/Hubo\/wp-content\/uploads\/2019\/08\/FusePlatineBestueckt-768x576.jpg 768w, https:\/\/ftl-auerbach.lima-city.de\/Hubo\/wp-content\/uploads\/2019\/08\/FusePlatineBestueckt-1024x768.jpg 1024w, https:\/\/ftl-auerbach.lima-city.de\/Hubo\/wp-content\/uploads\/2019\/08\/FusePlatineBestueckt-150x113.jpg 150w, https:\/\/ftl-auerbach.lima-city.de\/Hubo\/wp-content\/uploads\/2019\/08\/FusePlatineBestueckt-200x150.jpg 200w, https:\/\/ftl-auerbach.lima-city.de\/Hubo\/wp-content\/uploads\/2019\/08\/FusePlatineBestueckt-600x450.jpg 600w, https:\/\/ftl-auerbach.lima-city.de\/Hubo\/wp-content\/uploads\/2019\/08\/FusePlatineBestueckt.jpg 2048w\" sizes=\"(max-width: 300px) 100vw, 300px\" \/><\/a><p id=\"caption-attachment-1477\" class=\"wp-caption-text\">Servosicherung 2-kanalig best\u00fcckt<\/p><\/div>\n<p>Servos, die hohen mechanischen Kr\u00e4ften ausgesetzt sind ben\u00f6tigen einen relativ hohen Strom. Bei langen Betrieb, insbesondere aber bei klemmenden Antrieben, kann es zu einer \u00dcberlastung des Empf\u00e4ngers kommen bzw. wird der speisende Akku schnell entladen. Im schlimmsten Fall kann ein blockierter Servo auch zum Kurzschlu\u00df f\u00fchren.<\/p>\n<p>Die Servosicherung begrenzt den maximalen Stromflu\u00df durch den Servo (z.B. bei blockierenden Fahrwerken, Klappen\u2026) und verhindert somit einen fr\u00fchzeitigen Ausfall anderer Komponenten des RC-Modells. Erreicht wird dies durch den Einsatz von Polymersicherungen. Bauartbedingt erlauben diese Sicherungen auch eine kurzfristige h\u00f6here Stromentnahme, soda\u00df Stromspitzen (z.B. digitaler Servos) abgefangen werden, ohne da\u00df dies zum Abschalten des Servos f\u00fchrt. Die Sicherungen sind selbstr\u00fcckstellend nach einer Stromunterbrechung. D.h. wird die Stromversorgung getrennt oder sinkt der Stromflu\u00df aufgrund der Beseitigung der St\u00f6rung, so wird die Sicherung automatisch wieder leitend.<\/p>\n<p>Die Platine besitzt die folgenden Eigenschaften:<\/p>\n<ul>\n<li>2 kanalige Ausf\u00fchrung zur Absicherung von zwei Servos pro Platine<\/li>\n<li>Getrennte Massef\u00fchrung der Kan\u00e4le zur Vermeidung von Stromschleifen<\/li>\n<li>Strombelastbarkeit bis zu 5A bei 24V<\/li>\n<li>Best\u00fcckungsm\u00f6glichkeit von SMD-Sicherungen der Baugr\u00f6\u00dfen 2920 und 2016, alternativ auch mit bedrahteten Sicherungen<\/li>\n<li>Versetzte Sicherungen auf Vor- und R\u00fcckseite zur besseren W\u00e4rmeableitung und \u2013entkopplung<\/li>\n<li>kleine Abmessung (10x28mm) zur Montage im Schrumpfschlauch<\/li>\n<\/ul>\n<p>&nbsp;<\/p>\n<p><strong>\u00dcberlegungen zur Dimensionierung des Haltestromes der Sicherung<\/strong><\/p>\n<p>Die Festlegung des Stromes der Sicherung h\u00e4ngt prinzipiell davon ab, wie leistungsstark\u00a0 der Empf\u00e4nger ausgelegt ist, welche anderen Komponenten an diesen angschlossen sind und wie hoch der Strombedarf des Servos ist. Letzterer untergliedert sich in den Ruhestrombedarf, den kurzzeitigen Spitzenstrom und den durchschnittlichen Haltestrom im Betrieb. Nachdem die Stromaufnahme der Servos nicht nur vom Servotyp, sondern auch stark vom Einsatzzweck (seltene oder h\u00e4ufige Stellungs\u00e4nderungen) und der Leichtg\u00e4ngigkeit der Mechanik abh\u00e4ngt, erfolgt die Dimensionierung des Haltestroms der Sicherung am besten mittels Strommessung am eingebauten Servo. Dabei sollte die Sicherung auf ein Mehrfaches des durchschnittlichen Haltestromes ausgelegt werden. Der Haltestrom des Servo ist modellabh\u00e4ngig und bewegt sich zwischen dessen Ruhestromaufnahme und seinem Blockierstrom. Anbei finden Sie zwei Beispiele zur m\u00f6glichen Dimensionierung des Haltestroms der Polymersicherungen.<\/p>\n<p>Beispiel &#8211; Hitec HS-55 Servo<\/p>\n<ul>\n<li>Gewicht: 8g<\/li>\n<li>Drehmoment: 1,1-1,3 kg\/cm<\/li>\n<li>Ruhestromaufnahme: 150mA<\/li>\n<li>Blockierstrom: 450mA<\/li>\n<li>m\u00f6gl. Haltestrom der Sicherung: 500-750mA<\/li>\n<\/ul>\n<p>Beispiel &#8211; Hitec HS-65HB Servo<\/p>\n<ul>\n<li>Gewicht: 11,2g<\/li>\n<li>Drehmoment: 1,6-1,9 kg\/cm<\/li>\n<li>Ruhestromaufnahme: 220mA<\/li>\n<li>Blockierstrom: 1200mA<\/li>\n<li>m\u00f6gl. Haltestrom der Sicherung: 1300mA<\/li>\n<\/ul>\n<p>Ber\u00fccksichtigen Sie bitte auch die Temperaturabh\u00e4ngigkeit von Polymersicherungen. Die Angaben der Datenbl\u00e4tter zu Halte- und Ausl\u00f6sestr\u00f6men der Sicherungen sind i.d.R. auf 20\u00b0C ausgelegt. Beim Einsatz in davon abweichenden Temperaturbereichen ist der Strombereich der Sicherung gegebenenfalls anzupassen.<\/p>\n<p>&nbsp;<\/p>\n<p><strong>Sicherheitshinweise<\/strong><\/p>\n<p>Beachten Sie bitte, da\u00df wir aufgrund oben genannter Abh\u00e4ngigkeiten keinerlei Haftung f\u00fcr Sch\u00e4den oder Verlust Ihres Modelles beim Einsatz unserer Sicherungsplatine \u00fcbernehmen k\u00f6nnen. N\u00e4here Informationen einschlie\u00dflich Sicherheitshinweisen finden Sie in in der <a href=\"http:\/\/ftl-auerbach.lima-city.de\/Hubo\/Dokumentation\/Modellbau_Technische_Dokumentation_und_Sicherheitshinweise.pdf\" target=\"_blank\" rel=\"noopener noreferrer\">technischen Dokumentation<\/a>.<\/p>\n","protected":false},"excerpt":{"rendered":"<p>Servo \u00dcberlastschutz &#8211; die selbstr\u00fcckstellene Sicherung f\u00fcr Modellbau Servos Servos, die hohen mechanischen Kr\u00e4ften ausgesetzt sind ben\u00f6tigen einen relativ hohen Strom. Bei langen Betrieb, insbesondere aber bei klemmenden Antrieben, kann es zu einer \u00dcberlastung des Empf\u00e4ngers kommen bzw. wird der speisende Akku schnell entladen. Im schlimmsten Fall kann ein blockierter\u2026<\/p>\n<p> <a class=\"continue-reading-link\" href=\"https:\/\/ftl-auerbach.lima-city.de\/Hubo\/modellbau\/servo-ueberlastschutz\/\"><span>Continue reading<\/span><i class=\"crycon-right-dir\"><\/i><\/a> <\/p>\n","protected":false},"author":1,"featured_media":0,"parent":1459,"menu_order":0,"comment_status":"closed","ping_status":"closed","template":"","meta":[],"_links":{"self":[{"href":"https:\/\/ftl-auerbach.lima-city.de\/Hubo\/wp-json\/wp\/v2\/pages\/1466"}],"collection":[{"href":"https:\/\/ftl-auerbach.lima-city.de\/Hubo\/wp-json\/wp\/v2\/pages"}],"about":[{"href":"https:\/\/ftl-auerbach.lima-city.de\/Hubo\/wp-json\/wp\/v2\/types\/page"}],"author":[{"embeddable":true,"href":"https:\/\/ftl-auerbach.lima-city.de\/Hubo\/wp-json\/wp\/v2\/users\/1"}],"replies":[{"embeddable":true,"href":"https:\/\/ftl-auerbach.lima-city.de\/Hubo\/wp-json\/wp\/v2\/comments?post=1466"}],"version-history":[{"count":15,"href":"https:\/\/ftl-auerbach.lima-city.de\/Hubo\/wp-json\/wp\/v2\/pages\/1466\/revisions"}],"predecessor-version":[{"id":1485,"href":"https:\/\/ftl-auerbach.lima-city.de\/Hubo\/wp-json\/wp\/v2\/pages\/1466\/revisions\/1485"}],"up":[{"embeddable":true,"href":"https:\/\/ftl-auerbach.lima-city.de\/Hubo\/wp-json\/wp\/v2\/pages\/1459"}],"wp:attachment":[{"href":"https:\/\/ftl-auerbach.lima-city.de\/Hubo\/wp-json\/wp\/v2\/media?parent=1466"}],"curies":[{"name":"wp","href":"https:\/\/api.w.org\/{rel}","templated":true}]}}