{"id":1459,"date":"2019-08-17T08:30:52","date_gmt":"2019-08-17T06:30:52","guid":{"rendered":"http:\/\/ftl-auerbach.lima-city.de\/Hubo\/?page_id=1459"},"modified":"2019-08-17T12:17:54","modified_gmt":"2019-08-17T10:17:54","slug":"modellbau","status":"publish","type":"page","link":"https:\/\/ftl-auerbach.lima-city.de\/Hubo\/modellbau\/","title":{"rendered":"Modellbau"},"content":{"rendered":"<p>Zuweilen ergeben sich Synergien aus Projekte mit dem Raspberry Pi, Arduino o.\u00e4., welche sich auch auf andere Themengebiete \u00fcbertragen lassen. Nicht selten finden sich dann Einsatzm\u00f6glichkeiten im Modellbau, die wir auf den folgenden Seiten vorstellen.<\/p>\n<p>Beachten Sie bitte, da\u00df wir f\u00fcr Sch\u00e4den oder den Verlust Ihres Modells nicht haften. N\u00e4here Informationen einschlie\u00dflich Sicherheitshinweisen finden Sie in der <a href=\"http:\/\/ftl-auerbach.lima-city.de\/Hubo\/Dokumentation\/Modellbau_Technische_Dokumentation_und_Sicherheitshinweise.pdf\" target=\"_blank\" rel=\"noopener noreferrer\">technischen Dokumentation<\/a>.<\/p>\n","protected":false},"excerpt":{"rendered":"<p>Zuweilen ergeben sich Synergien aus Projekte mit dem Raspberry Pi, Arduino o.\u00e4., welche sich auch auf andere Themengebiete \u00fcbertragen lassen. Nicht selten finden sich dann Einsatzm\u00f6glichkeiten im Modellbau, die wir auf den folgenden Seiten vorstellen. Beachten Sie bitte, da\u00df wir f\u00fcr Sch\u00e4den oder den Verlust Ihres Modells nicht haften. N\u00e4here\u2026<\/p>\n<p> <a class=\"continue-reading-link\" href=\"https:\/\/ftl-auerbach.lima-city.de\/Hubo\/modellbau\/\"><span>Continue reading<\/span><i class=\"crycon-right-dir\"><\/i><\/a> <\/p>\n","protected":false},"author":1,"featured_media":0,"parent":0,"menu_order":0,"comment_status":"closed","ping_status":"closed","template":"","meta":[],"_links":{"self":[{"href":"https:\/\/ftl-auerbach.lima-city.de\/Hubo\/wp-json\/wp\/v2\/pages\/1459"}],"collection":[{"href":"https:\/\/ftl-auerbach.lima-city.de\/Hubo\/wp-json\/wp\/v2\/pages"}],"about":[{"href":"https:\/\/ftl-auerbach.lima-city.de\/Hubo\/wp-json\/wp\/v2\/types\/page"}],"author":[{"embeddable":true,"href":"https:\/\/ftl-auerbach.lima-city.de\/Hubo\/wp-json\/wp\/v2\/users\/1"}],"replies":[{"embeddable":true,"href":"https:\/\/ftl-auerbach.lima-city.de\/Hubo\/wp-json\/wp\/v2\/comments?post=1459"}],"version-history":[{"count":6,"href":"https:\/\/ftl-auerbach.lima-city.de\/Hubo\/wp-json\/wp\/v2\/pages\/1459\/revisions"}],"predecessor-version":[{"id":1487,"href":"https:\/\/ftl-auerbach.lima-city.de\/Hubo\/wp-json\/wp\/v2\/pages\/1459\/revisions\/1487"}],"wp:attachment":[{"href":"https:\/\/ftl-auerbach.lima-city.de\/Hubo\/wp-json\/wp\/v2\/media?parent=1459"}],"curies":[{"name":"wp","href":"https:\/\/api.w.org\/{rel}","templated":true}]}}