{"id":130,"date":"2015-11-15T19:23:07","date_gmt":"2015-11-15T19:23:07","guid":{"rendered":"http:\/\/ftl-auerbach.lima-city.de\/Hubo\/?page_id=130"},"modified":"2017-12-30T11:45:28","modified_gmt":"2017-12-30T10:45:28","slug":"hubo-programmierung","status":"publish","type":"page","link":"https:\/\/ftl-auerbach.lima-city.de\/Hubo\/hubo-programmierung\/","title":{"rendered":"Hubo Programmierung"},"content":{"rendered":"<p>Hubo verwendet Standardhardware und kann somit in allen g\u00e4ngigen Programmiersprachen und Bibliotheken angesprochen werden. Sollten Sie sich f\u00fcr <a href=\"http:\/\/ftl-auerbach.lima-city.de\/Hubo\/hubo-programmierung\/python\/\">Python<\/a> entscheiden, so finden Sie hier zwei kleine Code-Beispiele, wie die Umsetzung erfolgen k\u00f6nnte. In der Sprache C stehen Ihnen Bibliotheken wie <span style=\"color: #800000;\">wiringPi<\/span>, <span style=\"color: #800000;\">pigPIO<\/span>, <span style=\"color: #993300;\">bcm2835<\/span> oder die <a href=\"http:\/\/ftl-auerbach.lima-city.de\/Hubo\/?p=21\">Hubo C++ Library<\/a> zur Verf\u00fcgung.<\/p>\n<p>Die <a href=\"http:\/\/ftl-auerbach.lima-city.de\/Hubo\/?p=21\">Hubo C++ Library<\/a> wurde gezielt f\u00fcr den Hubo entwickelt und erlaubt einen sehr einfachen jedoch effizienten Weg der Ansteuerung der Hardware.<\/p>\n<p>Soll der Raspberry Pi als Soft-SPS eingesetzt werden, so ist die CODESYS Library <a href=\"http:\/\/ftl-auerbach.lima-city.de\/Hubo\/hubo-programmierung\/codesys-library\/\">Hubo for CODESYS<\/a> die richtige Wahl.<\/p>\n<p>&nbsp;<\/p>\n<p>&nbsp;<\/p>\n","protected":false},"excerpt":{"rendered":"<p>Hubo verwendet Standardhardware und kann somit in allen g\u00e4ngigen Programmiersprachen und Bibliotheken angesprochen werden. Sollten Sie sich f\u00fcr Python entscheiden, so finden Sie hier zwei kleine Code-Beispiele, wie die Umsetzung erfolgen k\u00f6nnte. In der Sprache C stehen Ihnen Bibliotheken wie wiringPi, pigPIO, bcm2835 oder die Hubo C++ Library zur Verf\u00fcgung.\u2026<\/p>\n<p> <a class=\"continue-reading-link\" href=\"https:\/\/ftl-auerbach.lima-city.de\/Hubo\/hubo-programmierung\/\"><span>Continue reading<\/span><i class=\"crycon-right-dir\"><\/i><\/a> <\/p>\n","protected":false},"author":1,"featured_media":0,"parent":0,"menu_order":0,"comment_status":"closed","ping_status":"closed","template":"","meta":[],"_links":{"self":[{"href":"https:\/\/ftl-auerbach.lima-city.de\/Hubo\/wp-json\/wp\/v2\/pages\/130"}],"collection":[{"href":"https:\/\/ftl-auerbach.lima-city.de\/Hubo\/wp-json\/wp\/v2\/pages"}],"about":[{"href":"https:\/\/ftl-auerbach.lima-city.de\/Hubo\/wp-json\/wp\/v2\/types\/page"}],"author":[{"embeddable":true,"href":"https:\/\/ftl-auerbach.lima-city.de\/Hubo\/wp-json\/wp\/v2\/users\/1"}],"replies":[{"embeddable":true,"href":"https:\/\/ftl-auerbach.lima-city.de\/Hubo\/wp-json\/wp\/v2\/comments?post=130"}],"version-history":[{"count":12,"href":"https:\/\/ftl-auerbach.lima-city.de\/Hubo\/wp-json\/wp\/v2\/pages\/130\/revisions"}],"predecessor-version":[{"id":1228,"href":"https:\/\/ftl-auerbach.lima-city.de\/Hubo\/wp-json\/wp\/v2\/pages\/130\/revisions\/1228"}],"wp:attachment":[{"href":"https:\/\/ftl-auerbach.lima-city.de\/Hubo\/wp-json\/wp\/v2\/media?parent=130"}],"curies":[{"name":"wp","href":"https:\/\/api.w.org\/{rel}","templated":true}]}}