{"id":1177,"date":"2017-12-29T16:17:54","date_gmt":"2017-12-29T15:17:54","guid":{"rendered":"http:\/\/ftl-auerbach.lima-city.de\/Hubo\/?page_id=1177"},"modified":"2017-12-29T18:53:43","modified_gmt":"2017-12-29T17:53:43","slug":"codesys-webvisualisierung","status":"publish","type":"page","link":"https:\/\/ftl-auerbach.lima-city.de\/Hubo\/automation\/codesys-integration\/codesys-webvisualisierung\/","title":{"rendered":"Webvisualisierung"},"content":{"rendered":"<p><strong>Aufgabenstellung<\/strong><\/p>\n<p>Parameter und Werte der Steuerung sollen per PC, Smartphone oder Tablet sichtbar gemacht und ver\u00e4ndert werden k\u00f6nnen.<\/p>\n<p><strong>L\u00f6sung<\/strong><\/p>\n<p>CODESYS bietet hier eine ganze Palette von Steuerelementen angefangen von einfachen Zeichenelementen \u00fcber Schalter, Lampen, Bitmaps, Fortschrittsbalken, Me\u00dfger\u00e4te, Trendverl\u00e4ufen, Controlpanel usw..<\/p>\n<p>Das folgende Bild zeigt eine einfache Visualisierung des mitgelieferten Beispiels \u201eHubo_Webvisu.project\u201c.<\/p>\n<p><a href=\"http:\/\/ftl-auerbach.lima-city.de\/Hubo\/wp-content\/uploads\/2017\/12\/CODESYS-Webvisu.jpg\" rel=\"attachment wp-att-1179\"><img loading=\"lazy\" class=\"alignnone size-full wp-image-1179\" src=\"http:\/\/ftl-auerbach.lima-city.de\/Hubo\/wp-content\/uploads\/2017\/12\/CODESYS-Webvisu.jpg\" alt=\"CODESYS Webvisualisierung\" width=\"844\" height=\"768\" srcset=\"https:\/\/ftl-auerbach.lima-city.de\/Hubo\/wp-content\/uploads\/2017\/12\/CODESYS-Webvisu.jpg 844w, https:\/\/ftl-auerbach.lima-city.de\/Hubo\/wp-content\/uploads\/2017\/12\/CODESYS-Webvisu-300x273.jpg 300w, https:\/\/ftl-auerbach.lima-city.de\/Hubo\/wp-content\/uploads\/2017\/12\/CODESYS-Webvisu-768x699.jpg 768w, https:\/\/ftl-auerbach.lima-city.de\/Hubo\/wp-content\/uploads\/2017\/12\/CODESYS-Webvisu-150x136.jpg 150w, https:\/\/ftl-auerbach.lima-city.de\/Hubo\/wp-content\/uploads\/2017\/12\/CODESYS-Webvisu-165x150.jpg 165w, https:\/\/ftl-auerbach.lima-city.de\/Hubo\/wp-content\/uploads\/2017\/12\/CODESYS-Webvisu-600x546.jpg 600w, https:\/\/ftl-auerbach.lima-city.de\/Hubo\/wp-content\/uploads\/2017\/12\/CODESYS-Webvisu-73x66.jpg 73w, https:\/\/ftl-auerbach.lima-city.de\/Hubo\/wp-content\/uploads\/2017\/12\/CODESYS-Webvisu-244x222.jpg 244w, https:\/\/ftl-auerbach.lima-city.de\/Hubo\/wp-content\/uploads\/2017\/12\/CODESYS-Webvisu-487x443.jpg 487w\" sizes=\"(max-width: 844px) 100vw, 844px\" \/><\/a><\/p>\n<p>Die Web-Visualisierung erreicht man wie folgt: <a href=\"http:\/\/raspberrypi:8080\/webvisu.htm\" target=\"_blank\">http:\/\/&lt;raspberrypi&gt;:8080\/webvisu.htm<\/a>.<\/p>\n","protected":false},"excerpt":{"rendered":"<p>Aufgabenstellung Parameter und Werte der Steuerung sollen per PC, Smartphone oder Tablet sichtbar gemacht und ver\u00e4ndert werden k\u00f6nnen. L\u00f6sung CODESYS bietet hier eine ganze Palette von Steuerelementen angefangen von einfachen Zeichenelementen \u00fcber Schalter, Lampen, Bitmaps, Fortschrittsbalken, Me\u00dfger\u00e4te, Trendverl\u00e4ufen, Controlpanel usw.. Das folgende Bild zeigt eine einfache Visualisierung des mitgelieferten Beispiels\u2026<\/p>\n<p> <a class=\"continue-reading-link\" href=\"https:\/\/ftl-auerbach.lima-city.de\/Hubo\/automation\/codesys-integration\/codesys-webvisualisierung\/\"><span>Continue reading<\/span><i class=\"crycon-right-dir\"><\/i><\/a> <\/p>\n","protected":false},"author":1,"featured_media":0,"parent":1127,"menu_order":0,"comment_status":"closed","ping_status":"closed","template":"","meta":[],"_links":{"self":[{"href":"https:\/\/ftl-auerbach.lima-city.de\/Hubo\/wp-json\/wp\/v2\/pages\/1177"}],"collection":[{"href":"https:\/\/ftl-auerbach.lima-city.de\/Hubo\/wp-json\/wp\/v2\/pages"}],"about":[{"href":"https:\/\/ftl-auerbach.lima-city.de\/Hubo\/wp-json\/wp\/v2\/types\/page"}],"author":[{"embeddable":true,"href":"https:\/\/ftl-auerbach.lima-city.de\/Hubo\/wp-json\/wp\/v2\/users\/1"}],"replies":[{"embeddable":true,"href":"https:\/\/ftl-auerbach.lima-city.de\/Hubo\/wp-json\/wp\/v2\/comments?post=1177"}],"version-history":[{"count":4,"href":"https:\/\/ftl-auerbach.lima-city.de\/Hubo\/wp-json\/wp\/v2\/pages\/1177\/revisions"}],"predecessor-version":[{"id":1187,"href":"https:\/\/ftl-auerbach.lima-city.de\/Hubo\/wp-json\/wp\/v2\/pages\/1177\/revisions\/1187"}],"up":[{"embeddable":true,"href":"https:\/\/ftl-auerbach.lima-city.de\/Hubo\/wp-json\/wp\/v2\/pages\/1127"}],"wp:attachment":[{"href":"https:\/\/ftl-auerbach.lima-city.de\/Hubo\/wp-json\/wp\/v2\/media?parent=1177"}],"curies":[{"name":"wp","href":"https:\/\/api.w.org\/{rel}","templated":true}]}}