{"id":1164,"date":"2017-12-29T16:05:52","date_gmt":"2017-12-29T15:05:52","guid":{"rendered":"http:\/\/ftl-auerbach.lima-city.de\/Hubo\/?page_id=1164"},"modified":"2017-12-29T16:22:03","modified_gmt":"2017-12-29T15:22:03","slug":"codesys-1wire-temperatursensoren","status":"publish","type":"page","link":"https:\/\/ftl-auerbach.lima-city.de\/Hubo\/automation\/codesys-integration\/codesys-1wire-temperatursensoren\/","title":{"rendered":"1Wire Temperatursensoren"},"content":{"rendered":"<p><strong>Aufgabenstellung<\/strong><\/p>\n<p>Es sollen die Temperaturen der 1Wire Sensoren (DS18x20) eingelesen werden.<\/p>\n<p><strong>L\u00f6sung<\/strong><\/p>\n<p>CODESYS bietet bereits von Haus aus Treiberunterst\u00fctzung f\u00fcr DS18x20 1Wire Sensoren an. Insofern bedarf es keiner weiteren expliziten Unterst\u00fctzung seitens der Library (siehe das folgende Bild).<\/p>\n<p><a href=\"http:\/\/ftl-auerbach.lima-city.de\/Hubo\/wp-content\/uploads\/2017\/12\/CODESYS-1wire.jpg\" rel=\"attachment wp-att-1166\"><img loading=\"lazy\" class=\"alignnone wp-image-1166\" src=\"http:\/\/ftl-auerbach.lima-city.de\/Hubo\/wp-content\/uploads\/2017\/12\/CODESYS-1wire.jpg\" alt=\"CODESYS-1wire\" width=\"711\" height=\"452\" srcset=\"https:\/\/ftl-auerbach.lima-city.de\/Hubo\/wp-content\/uploads\/2017\/12\/CODESYS-1wire.jpg 762w, https:\/\/ftl-auerbach.lima-city.de\/Hubo\/wp-content\/uploads\/2017\/12\/CODESYS-1wire-300x191.jpg 300w, https:\/\/ftl-auerbach.lima-city.de\/Hubo\/wp-content\/uploads\/2017\/12\/CODESYS-1wire-150x95.jpg 150w, https:\/\/ftl-auerbach.lima-city.de\/Hubo\/wp-content\/uploads\/2017\/12\/CODESYS-1wire-236x150.jpg 236w, https:\/\/ftl-auerbach.lima-city.de\/Hubo\/wp-content\/uploads\/2017\/12\/CODESYS-1wire-600x382.jpg 600w, https:\/\/ftl-auerbach.lima-city.de\/Hubo\/wp-content\/uploads\/2017\/12\/CODESYS-1wire-90x57.jpg 90w\" sizes=\"(max-width: 711px) 100vw, 711px\" \/><\/a><\/p>\n<p>Anmerkung:<br \/>\nDa die CODESYS Runtime synchron auf das 1wire Filesystem zugreift, was zum blockieren der aufrufenden Task f\u00fchrt, empfiehlt es sich, 1Wire Zugriffe in eine separate Task auszulagern und auf gepufferte Variablenwerte zuzugreifen.<\/p>\n","protected":false},"excerpt":{"rendered":"<p>Aufgabenstellung Es sollen die Temperaturen der 1Wire Sensoren (DS18x20) eingelesen werden. L\u00f6sung CODESYS bietet bereits von Haus aus Treiberunterst\u00fctzung f\u00fcr DS18x20 1Wire Sensoren an. Insofern bedarf es keiner weiteren expliziten Unterst\u00fctzung seitens der Library (siehe das folgende Bild). Anmerkung: Da die CODESYS Runtime synchron auf das 1wire Filesystem zugreift, was\u2026<\/p>\n<p> <a class=\"continue-reading-link\" href=\"https:\/\/ftl-auerbach.lima-city.de\/Hubo\/automation\/codesys-integration\/codesys-1wire-temperatursensoren\/\"><span>Continue reading<\/span><i class=\"crycon-right-dir\"><\/i><\/a> <\/p>\n","protected":false},"author":1,"featured_media":0,"parent":1127,"menu_order":0,"comment_status":"closed","ping_status":"closed","template":"","meta":[],"_links":{"self":[{"href":"https:\/\/ftl-auerbach.lima-city.de\/Hubo\/wp-json\/wp\/v2\/pages\/1164"}],"collection":[{"href":"https:\/\/ftl-auerbach.lima-city.de\/Hubo\/wp-json\/wp\/v2\/pages"}],"about":[{"href":"https:\/\/ftl-auerbach.lima-city.de\/Hubo\/wp-json\/wp\/v2\/types\/page"}],"author":[{"embeddable":true,"href":"https:\/\/ftl-auerbach.lima-city.de\/Hubo\/wp-json\/wp\/v2\/users\/1"}],"replies":[{"embeddable":true,"href":"https:\/\/ftl-auerbach.lima-city.de\/Hubo\/wp-json\/wp\/v2\/comments?post=1164"}],"version-history":[{"count":5,"href":"https:\/\/ftl-auerbach.lima-city.de\/Hubo\/wp-json\/wp\/v2\/pages\/1164\/revisions"}],"predecessor-version":[{"id":1183,"href":"https:\/\/ftl-auerbach.lima-city.de\/Hubo\/wp-json\/wp\/v2\/pages\/1164\/revisions\/1183"}],"up":[{"embeddable":true,"href":"https:\/\/ftl-auerbach.lima-city.de\/Hubo\/wp-json\/wp\/v2\/pages\/1127"}],"wp:attachment":[{"href":"https:\/\/ftl-auerbach.lima-city.de\/Hubo\/wp-json\/wp\/v2\/media?parent=1164"}],"curies":[{"name":"wp","href":"https:\/\/api.w.org\/{rel}","templated":true}]}}