{"id":1043,"date":"2017-09-30T20:47:12","date_gmt":"2017-09-30T18:47:12","guid":{"rendered":"http:\/\/ftl-auerbach.lima-city.de\/Hubo\/?page_id=1043"},"modified":"2020-06-26T20:39:30","modified_gmt":"2020-06-26T18:39:30","slug":"hubo-3-00","status":"publish","type":"page","link":"https:\/\/ftl-auerbach.lima-city.de\/Hubo\/hubo-hardware\/hubo-3-00\/","title":{"rendered":"Hubo 3.00"},"content":{"rendered":"<p><strong>Hubo Opto Rev. 3.00 &#8211; f\u00fcr gr\u00f6\u00dfere Projekte<\/strong><\/p>\n<div id=\"attachment_1045\" style=\"width: 310px\" class=\"wp-caption alignright\"><a href=\"http:\/\/ftl-auerbach.lima-city.de\/Hubo\/wp-content\/uploads\/2017\/09\/Hubo_Rev._3.00.00_ohne_Rahmen_03.jpg\" rel=\"attachment wp-att-1045\"><img aria-describedby=\"caption-attachment-1045\" loading=\"lazy\" class=\"wp-image-1045 size-medium\" src=\"http:\/\/ftl-auerbach.lima-city.de\/Hubo\/wp-content\/uploads\/2017\/09\/Hubo_Rev._3.00.00_ohne_Rahmen_03-300x255.jpg\" alt=\"Raspberry Pi IO Board Hubo Opto Rev. 3.00\" width=\"300\" height=\"255\" srcset=\"https:\/\/ftl-auerbach.lima-city.de\/Hubo\/wp-content\/uploads\/2017\/09\/Hubo_Rev._3.00.00_ohne_Rahmen_03-300x255.jpg 300w, https:\/\/ftl-auerbach.lima-city.de\/Hubo\/wp-content\/uploads\/2017\/09\/Hubo_Rev._3.00.00_ohne_Rahmen_03-768x654.jpg 768w, https:\/\/ftl-auerbach.lima-city.de\/Hubo\/wp-content\/uploads\/2017\/09\/Hubo_Rev._3.00.00_ohne_Rahmen_03-1024x872.jpg 1024w, https:\/\/ftl-auerbach.lima-city.de\/Hubo\/wp-content\/uploads\/2017\/09\/Hubo_Rev._3.00.00_ohne_Rahmen_03-150x128.jpg 150w, https:\/\/ftl-auerbach.lima-city.de\/Hubo\/wp-content\/uploads\/2017\/09\/Hubo_Rev._3.00.00_ohne_Rahmen_03-176x150.jpg 176w, https:\/\/ftl-auerbach.lima-city.de\/Hubo\/wp-content\/uploads\/2017\/09\/Hubo_Rev._3.00.00_ohne_Rahmen_03-600x511.jpg 600w, https:\/\/ftl-auerbach.lima-city.de\/Hubo\/wp-content\/uploads\/2017\/09\/Hubo_Rev._3.00.00_ohne_Rahmen_03-78x66.jpg 78w, https:\/\/ftl-auerbach.lima-city.de\/Hubo\/wp-content\/uploads\/2017\/09\/Hubo_Rev._3.00.00_ohne_Rahmen_03-261x222.jpg 261w, https:\/\/ftl-auerbach.lima-city.de\/Hubo\/wp-content\/uploads\/2017\/09\/Hubo_Rev._3.00.00_ohne_Rahmen_03-520x443.jpg 520w\" sizes=\"(max-width: 300px) 100vw, 300px\" \/><\/a><p id=\"caption-attachment-1045\" class=\"wp-caption-text\">Hubo Rev. 3.00<\/p><\/div>\n<p>Die Hardware Revision 3.00 bietet die folgenden Funktionen (Auszug aus der <a href=\"http:\/\/ftl-auerbach.lima-city.de\/Hubo\/Dokumentation\/Hubo_Technische_Dokumentation_und_Sicherheitshinweise.pdf\" target=\"_blank\" rel=\"noopener noreferrer\">technischen Spezifikation<\/a>):<\/p>\n<ul>\n<li>8 x digitale Eing\u00e4nge\n<ul>\n<li>24V AC\/DC<\/li>\n<li>optoelektronisch entkoppelt<\/li>\n<li>\u00fcberspannungsfest<\/li>\n<li>Verpolschutz<\/li>\n<li>Eingangsfilter zur Unterdr\u00fcckung von St\u00f6rsignalen und zum Entprellen<\/li>\n<\/ul>\n<\/li>\n<li>8 x Open Collector Ausg\u00e4nge\n<ul>\n<li>24V DC<\/li>\n<li>optoelektronisch entkoppelt<\/li>\n<li>\u00fcberspannungsfest<\/li>\n<\/ul>\n<\/li>\n<li>1 x 1wire Ausgang (\u00fcberspannungsgesch\u00fctzt)<\/li>\n<li>3 x Option f\u00fcr Real Time Clock Modul DS3231<\/li>\n<li>1 x I2C Ausgang zur Kaskadierung<\/li>\n<li>1 x Option zur Nachr\u00fcstung verschiedener 433MHz Sendemodule<\/li>\n<li>Polyfuse Sicherungen zur Strombegrenzung der einzelnen Strompfade<\/li>\n<li>ausbauf\u00e4hig um 7 weitere Module mittels Kaskadierung per Flachbandkabel oder \u00fcber die Schraubklemmen<\/li>\n<li>kompatibel zu den Rasperry Pi Modellen Zero, A+, B, B+, 2 Model B, 3 Model B und 4 Model B<\/li>\n<\/ul>\n<p>Hubo 3.00 wurde entwickelt, um in sehr \u201erauhen\u201c Umgebungen und gr\u00f6\u00dferen Installationen eingesetzt werden zu k\u00f6nnen. So bieten die Eing\u00e4nge mit 24V ein hohes Ma\u00df an St\u00f6rsicherheit bei gleichzeitiger Filterung von St\u00f6rsignalen durch die Eingangsfilter. Das Module ist kompatibel zu den anderen Versionen und erlaubt eine Erweiterung auf insgesamt 8 Module, womit sich bis zu 64 digital Ein- und Ausg\u00e4nge verwirklichen lassen.<\/p>\n<p>Die vollst\u00e4ndige Spezifikation der elektrischen und mechanischen Eigenschaften befindet sich in der <a href=\"http:\/\/ftl-auerbach.lima-city.de\/Hubo\/Dokumentation\/Hubo_Technische_Dokumentation_und_Sicherheitshinweise.pdf\" target=\"_blank\" rel=\"noopener noreferrer\">technischen Dokumentation<\/a>. Diese gibt auch gibt Hilfestellungen f\u00fcr den Zusammenbau, die Inbetriebnahme und verr\u00e4t praktische Tips zur Verkabelung von Sensoren und Bussystemen.<\/p>\n<p>Einen allgemeinen \u00dcberblick \u00fcber die verschiedenen Hardwarevarianten Hubos finden sie <a href=\"http:\/\/ftl-auerbach.lima-city.de\/Hubo\/?p=15\">hier<\/a>.<\/p>\n","protected":false},"excerpt":{"rendered":"<p>Hubo Opto Rev. 3.00 &#8211; f\u00fcr gr\u00f6\u00dfere Projekte Die Hardware Revision 3.00 bietet die folgenden Funktionen (Auszug aus der technischen Spezifikation): 8 x digitale Eing\u00e4nge 24V AC\/DC optoelektronisch entkoppelt \u00fcberspannungsfest Verpolschutz Eingangsfilter zur Unterdr\u00fcckung von St\u00f6rsignalen und zum Entprellen 8 x Open Collector Ausg\u00e4nge 24V DC optoelektronisch entkoppelt \u00fcberspannungsfest 1\u2026<\/p>\n<p> <a class=\"continue-reading-link\" href=\"https:\/\/ftl-auerbach.lima-city.de\/Hubo\/hubo-hardware\/hubo-3-00\/\"><span>Continue reading<\/span><i class=\"crycon-right-dir\"><\/i><\/a> <\/p>\n","protected":false},"author":1,"featured_media":0,"parent":15,"menu_order":0,"comment_status":"closed","ping_status":"closed","template":"","meta":[],"_links":{"self":[{"href":"https:\/\/ftl-auerbach.lima-city.de\/Hubo\/wp-json\/wp\/v2\/pages\/1043"}],"collection":[{"href":"https:\/\/ftl-auerbach.lima-city.de\/Hubo\/wp-json\/wp\/v2\/pages"}],"about":[{"href":"https:\/\/ftl-auerbach.lima-city.de\/Hubo\/wp-json\/wp\/v2\/types\/page"}],"author":[{"embeddable":true,"href":"https:\/\/ftl-auerbach.lima-city.de\/Hubo\/wp-json\/wp\/v2\/users\/1"}],"replies":[{"embeddable":true,"href":"https:\/\/ftl-auerbach.lima-city.de\/Hubo\/wp-json\/wp\/v2\/comments?post=1043"}],"version-history":[{"count":12,"href":"https:\/\/ftl-auerbach.lima-city.de\/Hubo\/wp-json\/wp\/v2\/pages\/1043\/revisions"}],"predecessor-version":[{"id":1537,"href":"https:\/\/ftl-auerbach.lima-city.de\/Hubo\/wp-json\/wp\/v2\/pages\/1043\/revisions\/1537"}],"up":[{"embeddable":true,"href":"https:\/\/ftl-auerbach.lima-city.de\/Hubo\/wp-json\/wp\/v2\/pages\/15"}],"wp:attachment":[{"href":"https:\/\/ftl-auerbach.lima-city.de\/Hubo\/wp-json\/wp\/v2\/media?parent=1043"}],"curies":[{"name":"wp","href":"https:\/\/api.w.org\/{rel}","templated":true}]}}